{"id":3470,"date":"2025-05-05T15:44:18","date_gmt":"2025-05-05T14:44:18","guid":{"rendered":"https:\/\/rebecca-yachting.de\/?post_type=product&#038;p=3470"},"modified":"2025-05-05T15:45:20","modified_gmt":"2025-05-05T14:45:20","slug":"aquaspirit-s350-semirrigida-de-aluminio-kopie-kopie","status":"publish","type":"product","link":"https:\/\/rebecca-yachting.de\/es\/producto\/aquaspirit-s350-semirrigida-de-aluminio-kopie-kopie\/","title":{"rendered":"AquaSpirit S350 Semirr\u00edgida de aluminio (Kopie) (Kopie)"},"content":{"rendered":"<div id=\"bgLayers_comp-lc0m9grp\" class=\"MW5IWV\" data-hook=\"bgLayers\" data-motion-part=\"BG_LAYER comp-lc0m9grp\">\n<div id=\"bgMedia_comp-lc0m9grp\" class=\"VgO9Yg\" data-motion-part=\"BG_MEDIA comp-lc0m9grp\">\n<h2 data-start=\"297\" data-end=\"355\"><strong data-start=\"301\" data-end=\"355\">AquaSpirit S350 &#8211; Diversi\u00f3n compacta, segura y sin licencia<\/strong><\/h2>\n<p>&nbsp;<\/p>\n<\/div>\n<p class=\"\" data-start=\"357\" data-end=\"513\">El <strong data-start=\"361\" data-end=\"380\">AquaSpirit S350<\/strong> est\u00e1 disponible en dos configuraciones inteligentes, adaptadas a tus necesidades: ambas compactas, ligeras e ideales como embarcaci\u00f3n principal o auxiliar.<\/p>\n<h3 data-start=\"515\" data-end=\"564\">\u2705 <strong data-start=\"522\" data-end=\"564\">S350C &#8211; Con consola lateral y asiento corrido<\/strong><\/h3>\n<p class=\"\" data-start=\"565\" data-end=\"840\">La <strong data-start=\"569\" data-end=\"578\">S350C<\/strong> cuenta con una consola de direcci\u00f3n lateral y un asiento corrido para dos pasajeros. Propulsada por un motor de 15 CV, alcanza velocidades de hasta <strong data-start=\"707\" data-end=\"718\">40 km\/h<\/strong> <strong data-start=\"735\" data-end=\"751\">sin necesidad de licencia<\/strong> en muchos pa\u00edses, lo que la convierte en la opci\u00f3n ideal para principiantes y novatos en deportes acu\u00e1ticos.<\/p>\n<p class=\"\" data-start=\"842\" data-end=\"976\">Gracias a <strong data-start=\"852\" data-end=\"888\">las argollas de remolque en proa y popa<\/strong>, el S350C tambi\u00e9n es perfectamente adecuado como <strong data-start=\"937\" data-end=\"975\">embarcaci\u00f3n auxiliar<\/strong> de mayor tama\u00f1o <strong data-start=\"937\" data-end=\"975\">para veleros o yates a motor<\/strong>.<\/p>\n<h3 data-start=\"978\" data-end=\"1033\">\u2705 <strong data-start=\"985\" data-end=\"1033\">S350SC &#8211; Con consola central y asiento para moto acu\u00e1tica<\/strong><\/h3>\n<p class=\"\" data-start=\"1034\" data-end=\"1386\">La <strong data-start=\"1038\" data-end=\"1047\">S350SC<\/strong> est\u00e1 equipada con una consola central \u00abestilo bob\u00bb y un asiento corrido para dos personas. Ofrece una <strong data-start=\"1140\" data-end=\"1182\">experiencia de conducci\u00f3n \u00fanica, similar a la de una moto acu\u00e1tica<\/strong>, combinada con la estabilidad y seguridad de una semirr\u00edgida. Especialmente popular entre <strong data-start=\"1257\" data-end=\"1276\">las escuelas de vela<\/strong>, su disposici\u00f3n permite a los instructores ayudar con confianza a los alumnos en las maniobras o ayudarles a volver a la embarcaci\u00f3n.<\/p>\n<p class=\"\" data-start=\"1388\" data-end=\"1500\">Ambos modelos combinan <strong data-start=\"1408\" data-end=\"1422\">durabilidad<\/strong>, <strong data-start=\"1424\" data-end=\"1444\">facilidad de manejo<\/strong> y <strong data-start=\"1450\" data-end=\"1466\">dise\u00f1o inteligente<\/strong> en un paquete compacto y fiable.<\/p>\n<p data-start=\"695\" data-end=\"784\">\n<\/div>\n<p>&nbsp;<\/p>\n","protected":false},"excerpt":{"rendered":"<p><strong data-start=\"218\" data-end=\"272\">AquaSpirit S450 &#8211; Tu embarcaci\u00f3n semirr\u00edgida definitiva<\/strong><\/p>\n","protected":false},"featured_media":3473,"comment_status":"closed","ping_status":"closed","template":"","meta":{"site-sidebar-layout":"default","site-content-layout":"","ast-site-content-layout":"default","site-content-style":"default","site-sidebar-style":"default","ast-global-header-display":"","ast-banner-title-visibility":"","ast-main-header-display":"","ast-hfb-above-header-display":"","ast-hfb-below-header-display":"","ast-hfb-mobile-header-display":"","site-post-title":"","ast-breadcrumbs-content":"","ast-featured-img":"","footer-sml-layout":"","theme-transparent-header-meta":"default","adv-header-id-meta":"","stick-header-meta":"","header-above-stick-meta":"","header-main-stick-meta":"","header-below-stick-meta":"","astra-migrate-meta-layouts":"set","ast-page-background-enabled":"default","ast-page-background-meta":{"desktop":{"background-color":"var(--ast-global-color-4)","background-image":"","background-repeat":"repeat","background-position":"center center","background-size":"auto","background-attachment":"scroll","background-type":"","background-media":"","overlay-type":"","overlay-color":"","overlay-opacity":"","overlay-gradient":""},"tablet":{"background-color":"","background-image":"","background-repeat":"repeat","background-position":"center center","background-size":"auto","background-attachment":"scroll","background-type":"","background-media":"","overlay-type":"","overlay-color":"","overlay-opacity":"","overlay-gradient":""},"mobile":{"background-color":"","background-image":"","background-repeat":"repeat","background-position":"center center","background-size":"auto","background-attachment":"scroll","background-type":"","background-media":"","overlay-type":"","overlay-color":"","overlay-opacity":"","overlay-gradient":""}},"ast-content-background-meta":{"desktop":{"background-color":"var(--ast-global-color-5)","background-image":"","background-repeat":"repeat","background-position":"center center","background-size":"auto","background-attachment":"scroll","background-type":"","background-media":"","overlay-type":"","overlay-color":"","overlay-opacity":"","overlay-gradient":""},"tablet":{"background-color":"var(--ast-global-color-5)","background-image":"","background-repeat":"repeat","background-position":"center center","background-size":"auto","background-attachment":"scroll","background-type":"","background-media":"","overlay-type":"","overlay-color":"","overlay-opacity":"","overlay-gradient":""},"mobile":{"background-color":"var(--ast-global-color-5)","background-image":"","background-repeat":"repeat","background-position":"center center","background-size":"auto","background-attachment":"scroll","background-type":"","background-media":"","overlay-type":"","overlay-color":"","overlay-opacity":"","overlay-gradient":""}}},"product_brand":[],"product_cat":[64,66],"product_tag":[],"class_list":{"0":"post-3470","1":"product","2":"type-product","3":"status-publish","4":"has-post-thumbnail","6":"product_cat-barcos","7":"product_cat-semirrigida-de-aluminio","8":"desktop-align-left","9":"tablet-align-left","10":"mobile-align-left","12":"first","13":"instock","14":"taxable","15":"shipping-taxable","16":"product-type-simple"},"yoast_head":"<!-- This site is optimized with the Yoast SEO plugin v25.6 - https:\/\/yoast.com\/wordpress\/plugins\/seo\/ -->\n<title>Aquaspirit S350 - Semirr\u00edgida de aluminio | Rebecca Yachting<\/title>\n<meta name=\"description\" content=\"Descubre la AquaSpirit S350, disponible con consola lateral o central. Hasta 40 km\/h con 15CV. Sin licencia e ideal para principiantes o como auxiliar de yate.\" \/>\n<meta name=\"robots\" content=\"index, follow, max-snippet:-1, max-image-preview:large, max-video-preview:-1\" \/>\n<link rel=\"canonical\" href=\"https:\/\/rebecca-yachting.de\/es\/producto\/aquaspirit-s350-semirrigida-de-aluminio-kopie-kopie\/\" \/>\n<meta property=\"og:locale\" content=\"es_ES\" \/>\n<meta property=\"og:type\" content=\"article\" \/>\n<meta property=\"og:title\" content=\"Aquaspirit S350 - Semirr\u00edgida de aluminio | Rebecca Yachting\" \/>\n<meta property=\"og:description\" content=\"Descubre la AquaSpirit S350, disponible con consola lateral o central. Hasta 40 km\/h con 15CV. Sin licencia e ideal para principiantes o como auxiliar de yate.\" \/>\n<meta property=\"og:url\" content=\"https:\/\/rebecca-yachting.de\/es\/producto\/aquaspirit-s350-semirrigida-de-aluminio-kopie-kopie\/\" \/>\n<meta property=\"og:site_name\" content=\"Rebecca Yachting\" \/>\n<meta property=\"article:modified_time\" content=\"2025-05-05T14:45:20+00:00\" \/>\n<meta property=\"og:image\" content=\"http:\/\/rebecca-yachting.de\/wp-content\/uploads\/2025\/03\/upload-54adc79c-f13c-4bce-b153-b1dff17e21e4.png\" \/>\n\t<meta property=\"og:image:width\" content=\"1600\" \/>\n\t<meta property=\"og:image:height\" content=\"745\" \/>\n\t<meta property=\"og:image:type\" content=\"image\/png\" \/>\n<meta name=\"twitter:card\" content=\"summary_large_image\" \/>\n<meta name=\"twitter:label1\" content=\"Tiempo de lectura\" \/>\n\t<meta name=\"twitter:data1\" content=\"2 minutos\" \/>\n<script type=\"application\/ld+json\" class=\"yoast-schema-graph\">{\"@context\":\"https:\/\/schema.org\",\"@graph\":[{\"@type\":\"WebPage\",\"@id\":\"https:\/\/rebecca-yachting.de\/es\/producto\/aquaspirit-s350-semirrigida-de-aluminio-kopie-kopie\/\",\"url\":\"https:\/\/rebecca-yachting.de\/es\/producto\/aquaspirit-s350-semirrigida-de-aluminio-kopie-kopie\/\",\"name\":\"Aquaspirit S350 - Semirr\u00edgida de aluminio | Rebecca Yachting\",\"isPartOf\":{\"@id\":\"https:\/\/rebecca-yachting.de\/es\/#website\"},\"primaryImageOfPage\":{\"@id\":\"https:\/\/rebecca-yachting.de\/es\/producto\/aquaspirit-s350-semirrigida-de-aluminio-kopie-kopie\/#primaryimage\"},\"image\":{\"@id\":\"https:\/\/rebecca-yachting.de\/es\/producto\/aquaspirit-s350-semirrigida-de-aluminio-kopie-kopie\/#primaryimage\"},\"thumbnailUrl\":\"https:\/\/rebecca-yachting.de\/wp-content\/uploads\/2025\/05\/upload-ba77ff3f-49bc-4cc7-b86c-da8733d25a4e.png\",\"datePublished\":\"2025-05-05T14:44:18+00:00\",\"dateModified\":\"2025-05-05T14:45:20+00:00\",\"description\":\"Descubre la AquaSpirit S350, disponible con consola lateral o central. Hasta 40 km\/h con 15CV. Sin licencia e ideal para principiantes o como auxiliar de yate.\",\"breadcrumb\":{\"@id\":\"https:\/\/rebecca-yachting.de\/es\/producto\/aquaspirit-s350-semirrigida-de-aluminio-kopie-kopie\/#breadcrumb\"},\"inLanguage\":\"es\",\"potentialAction\":[{\"@type\":\"ReadAction\",\"target\":[\"https:\/\/rebecca-yachting.de\/es\/producto\/aquaspirit-s350-semirrigida-de-aluminio-kopie-kopie\/\"]}]},{\"@type\":\"ImageObject\",\"inLanguage\":\"es\",\"@id\":\"https:\/\/rebecca-yachting.de\/es\/producto\/aquaspirit-s350-semirrigida-de-aluminio-kopie-kopie\/#primaryimage\",\"url\":\"https:\/\/rebecca-yachting.de\/wp-content\/uploads\/2025\/05\/upload-ba77ff3f-49bc-4cc7-b86c-da8733d25a4e.png\",\"contentUrl\":\"https:\/\/rebecca-yachting.de\/wp-content\/uploads\/2025\/05\/upload-ba77ff3f-49bc-4cc7-b86c-da8733d25a4e.png\",\"width\":1794,\"height\":1008},{\"@type\":\"BreadcrumbList\",\"@id\":\"https:\/\/rebecca-yachting.de\/es\/producto\/aquaspirit-s350-semirrigida-de-aluminio-kopie-kopie\/#breadcrumb\",\"itemListElement\":[{\"@type\":\"ListItem\",\"position\":1,\"name\":\"Startseite\",\"item\":\"https:\/\/rebecca-yachting.de\/es\/\"},{\"@type\":\"ListItem\",\"position\":2,\"name\":\"Tienda\",\"item\":\"https:\/\/rebecca-yachting.de\/es\/tienda\/\"},{\"@type\":\"ListItem\",\"position\":3,\"name\":\"AquaSpirit S350 Semirr\u00edgida de aluminio (Kopie) (Kopie)\"}]},{\"@type\":\"WebSite\",\"@id\":\"https:\/\/rebecca-yachting.de\/es\/#website\",\"url\":\"https:\/\/rebecca-yachting.de\/es\/\",\"name\":\"Rebecca Yachting\",\"description\":\"Your Nautic Expert\",\"publisher\":{\"@id\":\"https:\/\/rebecca-yachting.de\/es\/#organization\"},\"potentialAction\":[{\"@type\":\"SearchAction\",\"target\":{\"@type\":\"EntryPoint\",\"urlTemplate\":\"https:\/\/rebecca-yachting.de\/es\/?s={search_term_string}\"},\"query-input\":{\"@type\":\"PropertyValueSpecification\",\"valueRequired\":true,\"valueName\":\"search_term_string\"}}],\"inLanguage\":\"es\"},{\"@type\":\"Organization\",\"@id\":\"https:\/\/rebecca-yachting.de\/es\/#organization\",\"name\":\"Rebecca Yachting\",\"url\":\"https:\/\/rebecca-yachting.de\/es\/\",\"logo\":{\"@type\":\"ImageObject\",\"inLanguage\":\"es\",\"@id\":\"https:\/\/rebecca-yachting.de\/es\/#\/schema\/logo\/image\/\",\"url\":\"http:\/\/rebecca-yachting.de\/wp-content\/uploads\/2023\/07\/rebecca-yachting.png\",\"contentUrl\":\"http:\/\/rebecca-yachting.de\/wp-content\/uploads\/2023\/07\/rebecca-yachting.png\",\"width\":158,\"height\":100,\"caption\":\"Rebecca Yachting\"},\"image\":{\"@id\":\"https:\/\/rebecca-yachting.de\/es\/#\/schema\/logo\/image\/\"}}]}<\/script>\n<!-- \/ Yoast SEO plugin. -->","yoast_head_json":{"title":"Aquaspirit S350 - Semirr\u00edgida de aluminio | Rebecca Yachting","description":"Descubre la AquaSpirit S350, disponible con consola lateral o central. Hasta 40 km\/h con 15CV. Sin licencia e ideal para principiantes o como auxiliar de yate.","robots":{"index":"index","follow":"follow","max-snippet":"max-snippet:-1","max-image-preview":"max-image-preview:large","max-video-preview":"max-video-preview:-1"},"canonical":"https:\/\/rebecca-yachting.de\/es\/producto\/aquaspirit-s350-semirrigida-de-aluminio-kopie-kopie\/","og_locale":"es_ES","og_type":"article","og_title":"Aquaspirit S350 - Semirr\u00edgida de aluminio | Rebecca Yachting","og_description":"Descubre la AquaSpirit S350, disponible con consola lateral o central. Hasta 40 km\/h con 15CV. Sin licencia e ideal para principiantes o como auxiliar de yate.","og_url":"https:\/\/rebecca-yachting.de\/es\/producto\/aquaspirit-s350-semirrigida-de-aluminio-kopie-kopie\/","og_site_name":"Rebecca Yachting","article_modified_time":"2025-05-05T14:45:20+00:00","og_image":[{"width":1600,"height":745,"url":"http:\/\/rebecca-yachting.de\/wp-content\/uploads\/2025\/03\/upload-54adc79c-f13c-4bce-b153-b1dff17e21e4.png","type":"image\/png"}],"twitter_card":"summary_large_image","twitter_misc":{"Tiempo de lectura":"2 minutos"},"schema":{"@context":"https:\/\/schema.org","@graph":[{"@type":"WebPage","@id":"https:\/\/rebecca-yachting.de\/es\/producto\/aquaspirit-s350-semirrigida-de-aluminio-kopie-kopie\/","url":"https:\/\/rebecca-yachting.de\/es\/producto\/aquaspirit-s350-semirrigida-de-aluminio-kopie-kopie\/","name":"Aquaspirit S350 - Semirr\u00edgida de aluminio | Rebecca Yachting","isPartOf":{"@id":"https:\/\/rebecca-yachting.de\/es\/#website"},"primaryImageOfPage":{"@id":"https:\/\/rebecca-yachting.de\/es\/producto\/aquaspirit-s350-semirrigida-de-aluminio-kopie-kopie\/#primaryimage"},"image":{"@id":"https:\/\/rebecca-yachting.de\/es\/producto\/aquaspirit-s350-semirrigida-de-aluminio-kopie-kopie\/#primaryimage"},"thumbnailUrl":"https:\/\/rebecca-yachting.de\/wp-content\/uploads\/2025\/05\/upload-ba77ff3f-49bc-4cc7-b86c-da8733d25a4e.png","datePublished":"2025-05-05T14:44:18+00:00","dateModified":"2025-05-05T14:45:20+00:00","description":"Descubre la AquaSpirit S350, disponible con consola lateral o central. Hasta 40 km\/h con 15CV. Sin licencia e ideal para principiantes o como auxiliar de yate.","breadcrumb":{"@id":"https:\/\/rebecca-yachting.de\/es\/producto\/aquaspirit-s350-semirrigida-de-aluminio-kopie-kopie\/#breadcrumb"},"inLanguage":"es","potentialAction":[{"@type":"ReadAction","target":["https:\/\/rebecca-yachting.de\/es\/producto\/aquaspirit-s350-semirrigida-de-aluminio-kopie-kopie\/"]}]},{"@type":"ImageObject","inLanguage":"es","@id":"https:\/\/rebecca-yachting.de\/es\/producto\/aquaspirit-s350-semirrigida-de-aluminio-kopie-kopie\/#primaryimage","url":"https:\/\/rebecca-yachting.de\/wp-content\/uploads\/2025\/05\/upload-ba77ff3f-49bc-4cc7-b86c-da8733d25a4e.png","contentUrl":"https:\/\/rebecca-yachting.de\/wp-content\/uploads\/2025\/05\/upload-ba77ff3f-49bc-4cc7-b86c-da8733d25a4e.png","width":1794,"height":1008},{"@type":"BreadcrumbList","@id":"https:\/\/rebecca-yachting.de\/es\/producto\/aquaspirit-s350-semirrigida-de-aluminio-kopie-kopie\/#breadcrumb","itemListElement":[{"@type":"ListItem","position":1,"name":"Startseite","item":"https:\/\/rebecca-yachting.de\/es\/"},{"@type":"ListItem","position":2,"name":"Tienda","item":"https:\/\/rebecca-yachting.de\/es\/tienda\/"},{"@type":"ListItem","position":3,"name":"AquaSpirit S350 Semirr\u00edgida de aluminio (Kopie) (Kopie)"}]},{"@type":"WebSite","@id":"https:\/\/rebecca-yachting.de\/es\/#website","url":"https:\/\/rebecca-yachting.de\/es\/","name":"Rebecca Yachting","description":"Your Nautic Expert","publisher":{"@id":"https:\/\/rebecca-yachting.de\/es\/#organization"},"potentialAction":[{"@type":"SearchAction","target":{"@type":"EntryPoint","urlTemplate":"https:\/\/rebecca-yachting.de\/es\/?s={search_term_string}"},"query-input":{"@type":"PropertyValueSpecification","valueRequired":true,"valueName":"search_term_string"}}],"inLanguage":"es"},{"@type":"Organization","@id":"https:\/\/rebecca-yachting.de\/es\/#organization","name":"Rebecca Yachting","url":"https:\/\/rebecca-yachting.de\/es\/","logo":{"@type":"ImageObject","inLanguage":"es","@id":"https:\/\/rebecca-yachting.de\/es\/#\/schema\/logo\/image\/","url":"http:\/\/rebecca-yachting.de\/wp-content\/uploads\/2023\/07\/rebecca-yachting.png","contentUrl":"http:\/\/rebecca-yachting.de\/wp-content\/uploads\/2023\/07\/rebecca-yachting.png","width":158,"height":100,"caption":"Rebecca Yachting"},"image":{"@id":"https:\/\/rebecca-yachting.de\/es\/#\/schema\/logo\/image\/"}}]}},"jetpack_sharing_enabled":true,"_links":{"self":[{"href":"https:\/\/rebecca-yachting.de\/es\/wp-json\/wp\/v2\/product\/3470","targetHints":{"allow":["GET"]}}],"collection":[{"href":"https:\/\/rebecca-yachting.de\/es\/wp-json\/wp\/v2\/product"}],"about":[{"href":"https:\/\/rebecca-yachting.de\/es\/wp-json\/wp\/v2\/types\/product"}],"replies":[{"embeddable":true,"href":"https:\/\/rebecca-yachting.de\/es\/wp-json\/wp\/v2\/comments?post=3470"}],"wp:featuredmedia":[{"embeddable":true,"href":"https:\/\/rebecca-yachting.de\/es\/wp-json\/wp\/v2\/media\/3473"}],"wp:attachment":[{"href":"https:\/\/rebecca-yachting.de\/es\/wp-json\/wp\/v2\/media?parent=3470"}],"wp:term":[{"taxonomy":"product_brand","embeddable":true,"href":"https:\/\/rebecca-yachting.de\/es\/wp-json\/wp\/v2\/product_brand?post=3470"},{"taxonomy":"product_cat","embeddable":true,"href":"https:\/\/rebecca-yachting.de\/es\/wp-json\/wp\/v2\/product_cat?post=3470"},{"taxonomy":"product_tag","embeddable":true,"href":"https:\/\/rebecca-yachting.de\/es\/wp-json\/wp\/v2\/product_tag?post=3470"}],"curies":[{"name":"wp","href":"https:\/\/api.w.org\/{rel}","templated":true}]}}