{"id":3381,"date":"2025-03-25T08:48:39","date_gmt":"2025-03-25T07:48:39","guid":{"rendered":"https:\/\/rebecca-yachting.de\/product\/semirrigida-de-aluminio-aquaspirit-s370gt\/"},"modified":"2025-03-25T12:46:26","modified_gmt":"2025-03-25T11:46:26","slug":"semirrigida-de-aluminio-aquaspirit-s370gt","status":"publish","type":"product","link":"https:\/\/rebecca-yachting.de\/es\/producto\/semirrigida-de-aluminio-aquaspirit-s370gt\/","title":{"rendered":"AquaSpirit S370GT Semirr\u00edgida de aluminio"},"content":{"rendered":"<div id=\"bgLayers_comp-lc0m9grp\" class=\"MW5IWV\" data-hook=\"bgLayers\" data-motion-part=\"BG_LAYER comp-lc0m9grp\">\n<div id=\"bgMedia_comp-lc0m9grp\" class=\"VgO9Yg\" data-motion-part=\"BG_MEDIA comp-lc0m9grp\">\n<p class=\"\" data-start=\"218\" data-end=\"272\"><strong>Aquaspirit S370GT \u00abGenius Tender\u00bb &#8211; Innovaci\u00f3n compacta, m\u00e1ximo confort<\/strong><\/p>\n<\/div>\n<\/div>\n<div class=\"\" data-mesh-id=\"comp-lc0m9grpinlineContent\" data-testid=\"inline-content\">\n<div data-mesh-id=\"comp-lc0m9grpinlineContent-gridContainer\" data-testid=\"mesh-container-content\">\n<p class=\"\" data-start=\"262\" data-end=\"425\">Estamos orgullosos de presentar el nuevo <strong data-start=\"300\" data-end=\"337\">Aquaspirit S370GT \u00abGenius Tender<\/strong> \u00ab, una aut\u00e9ntica primicia mundial que celebr\u00f3 su estreno mundial en <strong data-start=\"398\" data-end=\"422\">el Boot D\u00fcsseldorf 2025<\/strong>.<\/p>\n<p class=\"\" data-start=\"427\" data-end=\"622\">Basado en la probada filosof\u00eda de dise\u00f1o de los Aquaspirit S585 y S700, el S370GT traslada las ventajas \u00fanicas de estas grandes semirr\u00edgidas de aluminio a un formato m\u00e1s compacto, sin concesiones.<\/p>\n<p class=\"\" data-start=\"624\" data-end=\"959\">Gracias a sus <strong data-start=\"638\" data-end=\"656\">tubos en forma de D<\/strong> montados en ra\u00edles seguros en lugar de juntas encoladas, y a un <strong data-start=\"712\" data-end=\"748\">casco de aluminio totalmente relleno de espuma<\/strong>, el S370GT ofrece una <strong data-start=\"780\" data-end=\"827\">robustez, estabilidad y eficiencia de espacio<\/strong> excepcionales con un peso notablemente bajo. Combinada con su <strong data-start=\"874\" data-end=\"916\">estructura anticorrosiva con recubrimiento de polvo<\/strong>, est\u00e1 construida para ofrecer rendimiento y longevidad. <\/p>\n<h3 class=\"\" data-start=\"961\" data-end=\"1004\"><strong data-start=\"965\" data-end=\"1004\">Un nuevo punto de referencia en la clase de licitaciones<\/strong><\/h3>\n<p class=\"\" data-start=\"1005\" data-end=\"1208\">El S370GT combina las dimensiones exteriores compactas de una embarcaci\u00f3n auxiliar de 3,50 m con una anchura de cabina hasta <strong data-start=\"1107\" data-end=\"1143\">20 cm mayor que la del S450, que<\/strong> ofrece asientos espaciosos y lujosos para <strong data-start=\"1187\" data-end=\"1205\">hasta 4 personas<\/strong>.<\/p>\n<p class=\"\" data-start=\"1210\" data-end=\"1522\">Es tan estable y capaz que lleva una <strong data-start=\"1255\" data-end=\"1286\">certificaci\u00f3n CE de Categor\u00eda C<\/strong> para <strong data-start=\"1291\" data-end=\"1314\">motores de hasta 60 CV<\/strong>, algo inaudito en esta clase. Para combinar esa potencia con la diversi\u00f3n, la S370GT viene <strong data-start=\"1390\" data-end=\"1442\">de serie con una p\u00e9rtiga central desmontable para esqu\u00ed acu\u00e1tico<\/strong>, complementada con <strong data-start=\"1460\" data-end=\"1483\">plataformas de ba\u00f1o laterales<\/strong> y una <strong data-start=\"1502\" data-end=\"1521\">escalera de embarque<\/strong> integrada. <\/p>\n<p class=\"\" data-start=\"1524\" data-end=\"1713\">Las luces de navegaci\u00f3n y la consola con parabrisas <strong data-start=\"1572\" data-end=\"1595\">abatible<\/strong> (ideal para los garajes de los yates) vienen de serie, al igual que los m\u00faltiples <strong data-start=\"1652\" data-end=\"1668\">asideros de<\/strong> proa y popa para moverse con seguridad a bordo.<\/p>\n<h3 class=\"\" data-start=\"1715\" data-end=\"1757\"><strong data-start=\"1719\" data-end=\"1757\">Almacenamiento inteligente y funciones pr\u00e1cticas<\/strong><\/h3>\n<ul data-start=\"1758\" data-end=\"2211\">\n<li class=\"\" data-start=\"1758\" data-end=\"1801\">\n<p class=\"\" data-start=\"1760\" data-end=\"1801\"><strong data-start=\"1760\" data-end=\"1786\">Banqueta trasera de 120 cm de ancho<\/strong> con compartimento portaobjetos<\/p>\n<\/li>\n<li class=\"\" data-start=\"1802\" data-end=\"1863\">\n<p class=\"\" data-start=\"1804\" data-end=\"1863\"><strong data-start=\"1804\" data-end=\"1842\">Dep\u00f3sito de combustible de aluminio de 40 L integrado<\/strong> bajo el asiento de proa<\/p>\n<\/li>\n<li class=\"\" data-start=\"1864\" data-end=\"1902\">\n<p class=\"\" data-start=\"1866\" data-end=\"1902\"><strong data-start=\"1866\" data-end=\"1900\">Compartimento bajo el suelo<\/strong><\/p>\n<\/li>\n<li class=\"\" data-start=\"1903\" data-end=\"1949\">\n<p class=\"\" data-start=\"1905\" data-end=\"1949\"><strong data-start=\"1905\" data-end=\"1928\">Plataforma de proa estable<\/strong> con cornamusas soldadas<\/p>\n<\/li>\n<li class=\"\" data-start=\"1950\" data-end=\"1990\">\n<p class=\"\" data-start=\"1952\" data-end=\"1990\"><strong data-start=\"1952\" data-end=\"1988\">M\u00faltiples argollas de remolque y elevaci\u00f3n<\/strong><\/p>\n<\/li>\n<li class=\"\" data-start=\"1991\" data-end=\"2057\">\n<p class=\"\" data-start=\"1993\" data-end=\"2057\"><strong data-start=\"1993\" data-end=\"2037\">Disponible con tubos de PVC u ORCA Hypalon<\/strong> en varios colores<\/p>\n<\/li>\n<li class=\"\" data-start=\"2058\" data-end=\"2119\">\n<p class=\"\" data-start=\"2060\" data-end=\"2119\"><strong data-start=\"2060\" data-end=\"2087\">Tapicer\u00eda de alta calidad<\/strong> de Spradling (por ejemplo, Silvertex)<\/p>\n<\/li>\n<li class=\"\" data-start=\"2120\" data-end=\"2153\">\n<p class=\"\" data-start=\"2122\" data-end=\"2153\"><strong data-start=\"2122\" data-end=\"2141\">Cubierta completa<\/strong> disponible<\/p>\n<\/li>\n<li class=\"\" data-start=\"2154\" data-end=\"2211\">\n<p class=\"\" data-start=\"2156\" data-end=\"2211\"><strong data-start=\"2156\" data-end=\"2211\">Suelo antideslizante de serie, tarima de espuma EVA opcional<\/strong><\/p>\n<\/li>\n<\/ul>\n<p class=\"\" data-start=\"2213\" data-end=\"2265\">Actualmente se est\u00e1 desarrollando una <strong data-start=\"2215\" data-end=\"2236\">versi\u00f3n de propulsi\u00f3n a chorro<\/strong>.<\/p>\n<div id=\"comp-lbfkiaxi\" class=\"HcOXKn c9GqVL QxJLC3 lq2cno YQcXTT comp-lbfkiaxi wixui-rich-text\" data-testid=\"richTextElement\">\n<p class=\"\" data-start=\"1775\" data-end=\"1887\">\n<\/div>\n<div id=\"comp-lbfkiaxi\" class=\"HcOXKn c9GqVL QxJLC3 lq2cno YQcXTT comp-lbfkiaxi wixui-rich-text\" data-testid=\"richTextElement\">\n<table style=\"border-collapse: collapse; width: 100%;\" border=\"1\" cellspacing=\"0\" cellpadding=\"8\">\n<thead>\n<tr>\n<th style=\"text-align: left;\" colspan=\"2\">AquaSpirit S370GT &#8211; Datos t\u00e9cnicos<\/th>\n<\/tr>\n<\/thead>\n<thead>\n<tr>\n<th style=\"text-align: left;\" colspan=\"2\">Especificaciones t\u00e9cnicas &#8211; Aquaspirit S370GT<\/th>\n<\/tr>\n<\/thead>\n<tbody>\n<tr>\n<td>Eslora del casco \/ Eslora total incl. plataformas de ba\u00f1o <\/td>\n<td>3,49 m \/ 3,66 m<\/td>\n<\/tr>\n<tr>\n<td>Viga<\/td>\n<td>1.83 m<\/td>\n<\/tr>\n<tr>\n<td>Anchura de la ba\u00f1era (trasera)<\/td>\n<td>1.20 m<\/td>\n<\/tr>\n<tr>\n<td>Anchura de la cabina (delantera)<\/td>\n<td>1.025 m<\/td>\n<\/tr>\n<tr>\n<td>Longitud total de la ba\u00f1era<\/td>\n<td>2.13 m<\/td>\n<\/tr>\n<tr>\n<td>Calado (aprox.)<\/td>\n<td>0.3 m<\/td>\n<\/tr>\n<tr>\n<td>Peso sin motor (aprox.)<\/td>\n<td>270 kg<\/td>\n<\/tr>\n<tr>\n<td>Carga \u00fatil m\u00e1xima<\/td>\n<td>430 kg<\/td>\n<\/tr>\n<tr>\n<td>N\u00famero m\u00e1ximo de adultos <\/td>\n<td>4<\/td>\n<\/tr>\n<tr>\n<td>Peso m\u00e1ximo del motor<\/td>\n<td>115 kg<\/td>\n<\/tr>\n<tr>\n<td>Potencia m\u00e1xima del motor<\/td>\n<td>44 kW \/ 60 CV<\/td>\n<\/tr>\n<tr>\n<td>Longitud del eje<\/td>\n<td>508 mm \/ Largo<\/td>\n<\/tr>\n<tr>\n<td>Dep\u00f3sito de combustible (aluminio, fijo con indicador)<\/td>\n<td>40 L<\/td>\n<\/tr>\n<tr>\n<td>Material del casco (aluminio)<\/td>\n<td>EN AW 5083 H111<\/td>\n<\/tr>\n<tr>\n<td>Categor\u00eda CE<\/td>\n<td>C<\/td>\n<\/tr>\n<\/tbody>\n<\/table>\n<\/div>\n<\/div>\n<\/div>\n","protected":false},"excerpt":{"rendered":"<p>Innovaci\u00f3n Compacta, M\u00e1ximo Confort &#8211; Aquaspirit S370GT \u00abGenius Tender\u00bb<\/p>\n","protected":false},"featured_media":3481,"comment_status":"closed","ping_status":"closed","template":"","meta":{"site-sidebar-layout":"default","site-content-layout":"","ast-site-content-layout":"default","site-content-style":"default","site-sidebar-style":"default","ast-global-header-display":"","ast-banner-title-visibility":"","ast-main-header-display":"","ast-hfb-above-header-display":"","ast-hfb-below-header-display":"","ast-hfb-mobile-header-display":"","site-post-title":"","ast-breadcrumbs-content":"","ast-featured-img":"","footer-sml-layout":"","theme-transparent-header-meta":"default","adv-header-id-meta":"","stick-header-meta":"","header-above-stick-meta":"","header-main-stick-meta":"","header-below-stick-meta":"","astra-migrate-meta-layouts":"default","ast-page-background-enabled":"default","ast-page-background-meta":{"desktop":{"background-color":"var(--ast-global-color-4)","background-image":"","background-repeat":"repeat","background-position":"center center","background-size":"auto","background-attachment":"scroll","background-type":"","background-media":"","overlay-type":"","overlay-color":"","overlay-opacity":"","overlay-gradient":""},"tablet":{"background-color":"","background-image":"","background-repeat":"repeat","background-position":"center center","background-size":"auto","background-attachment":"scroll","background-type":"","background-media":"","overlay-type":"","overlay-color":"","overlay-opacity":"","overlay-gradient":""},"mobile":{"background-color":"","background-image":"","background-repeat":"repeat","background-position":"center center","background-size":"auto","background-attachment":"scroll","background-type":"","background-media":"","overlay-type":"","overlay-color":"","overlay-opacity":"","overlay-gradient":""}},"ast-content-background-meta":{"desktop":{"background-color":"var(--ast-global-color-5)","background-image":"","background-repeat":"repeat","background-position":"center center","background-size":"auto","background-attachment":"scroll","background-type":"","background-media":"","overlay-type":"","overlay-color":"","overlay-opacity":"","overlay-gradient":""},"tablet":{"background-color":"var(--ast-global-color-5)","background-image":"","background-repeat":"repeat","background-position":"center center","background-size":"auto","background-attachment":"scroll","background-type":"","background-media":"","overlay-type":"","overlay-color":"","overlay-opacity":"","overlay-gradient":""},"mobile":{"background-color":"var(--ast-global-color-5)","background-image":"","background-repeat":"repeat","background-position":"center center","background-size":"auto","background-attachment":"scroll","background-type":"","background-media":"","overlay-type":"","overlay-color":"","overlay-opacity":"","overlay-gradient":""}}},"product_brand":[],"product_cat":[64,66],"product_tag":[],"class_list":{"0":"post-3381","1":"product","2":"type-product","3":"status-publish","4":"has-post-thumbnail","6":"product_cat-barcos","7":"product_cat-semirrigida-de-aluminio","8":"desktop-align-left","9":"tablet-align-left","10":"mobile-align-left","12":"first","13":"instock","14":"taxable","15":"shipping-taxable","16":"product-type-simple"},"yoast_head":"<!-- This site is optimized with the Yoast SEO plugin v25.6 - https:\/\/yoast.com\/wordpress\/plugins\/seo\/ -->\n<title>Aquaspirit S370GT &quot;Genius Tender&quot; - Semirr\u00edgida de aluminio | Rebecca Yachting<\/title>\n<meta name=\"description\" content=\"Aquaspirit S370GT &quot;Genius Tender&quot; - Innovaci\u00f3n compacta, m\u00e1ximo confort | Embarcaci\u00f3n semirr\u00edgida de aluminio nueva en 2025 - \u00a1haz tu pedido en Rebecca Yachting, Mallorca!\" \/>\n<meta name=\"robots\" content=\"index, follow, max-snippet:-1, max-image-preview:large, max-video-preview:-1\" \/>\n<link rel=\"canonical\" href=\"https:\/\/rebecca-yachting.de\/es\/producto\/semirrigida-de-aluminio-aquaspirit-s370gt\/\" \/>\n<meta property=\"og:locale\" content=\"es_ES\" \/>\n<meta property=\"og:type\" content=\"article\" \/>\n<meta property=\"og:title\" content=\"Aquaspirit S370GT &quot;Genius Tender&quot; - Semirr\u00edgida de aluminio | Rebecca Yachting\" \/>\n<meta property=\"og:description\" content=\"Aquaspirit S370GT &quot;Genius Tender&quot; - Innovaci\u00f3n compacta, m\u00e1ximo confort | Embarcaci\u00f3n semirr\u00edgida de aluminio nueva en 2025 - \u00a1haz tu pedido en Rebecca Yachting, Mallorca!\" \/>\n<meta property=\"og:url\" content=\"https:\/\/rebecca-yachting.de\/es\/producto\/semirrigida-de-aluminio-aquaspirit-s370gt\/\" \/>\n<meta property=\"og:site_name\" content=\"Rebecca Yachting\" \/>\n<meta property=\"article:modified_time\" content=\"2025-03-25T11:46:26+00:00\" \/>\n<meta property=\"og:image\" content=\"http:\/\/rebecca-yachting.de\/wp-content\/uploads\/2025\/03\/Rebecca-Yachting-rib-1-1.png\" \/>\n\t<meta property=\"og:image:width\" content=\"2560\" \/>\n\t<meta property=\"og:image:height\" content=\"1440\" \/>\n\t<meta property=\"og:image:type\" content=\"image\/png\" \/>\n<meta name=\"twitter:card\" content=\"summary_large_image\" \/>\n<meta name=\"twitter:label1\" content=\"Tiempo de lectura\" \/>\n\t<meta name=\"twitter:data1\" content=\"2 minutos\" \/>\n<script type=\"application\/ld+json\" class=\"yoast-schema-graph\">{\"@context\":\"https:\/\/schema.org\",\"@graph\":[{\"@type\":\"WebPage\",\"@id\":\"https:\/\/rebecca-yachting.de\/es\/producto\/semirrigida-de-aluminio-aquaspirit-s370gt\/\",\"url\":\"https:\/\/rebecca-yachting.de\/es\/producto\/semirrigida-de-aluminio-aquaspirit-s370gt\/\",\"name\":\"Aquaspirit S370GT \\\"Genius Tender\\\" - Semirr\u00edgida de aluminio | Rebecca Yachting\",\"isPartOf\":{\"@id\":\"https:\/\/rebecca-yachting.de\/es\/#website\"},\"primaryImageOfPage\":{\"@id\":\"https:\/\/rebecca-yachting.de\/es\/producto\/semirrigida-de-aluminio-aquaspirit-s370gt\/#primaryimage\"},\"image\":{\"@id\":\"https:\/\/rebecca-yachting.de\/es\/producto\/semirrigida-de-aluminio-aquaspirit-s370gt\/#primaryimage\"},\"thumbnailUrl\":\"https:\/\/rebecca-yachting.de\/wp-content\/uploads\/2025\/03\/IMG-20250314-WA0005.jpg\",\"datePublished\":\"2025-03-25T07:48:39+00:00\",\"dateModified\":\"2025-03-25T11:46:26+00:00\",\"description\":\"Aquaspirit S370GT \\\"Genius Tender\\\" - Innovaci\u00f3n compacta, m\u00e1ximo confort | Embarcaci\u00f3n semirr\u00edgida de aluminio nueva en 2025 - \u00a1haz tu pedido en Rebecca Yachting, Mallorca!\",\"breadcrumb\":{\"@id\":\"https:\/\/rebecca-yachting.de\/es\/producto\/semirrigida-de-aluminio-aquaspirit-s370gt\/#breadcrumb\"},\"inLanguage\":\"es\",\"potentialAction\":[{\"@type\":\"ReadAction\",\"target\":[\"https:\/\/rebecca-yachting.de\/es\/producto\/semirrigida-de-aluminio-aquaspirit-s370gt\/\"]}]},{\"@type\":\"ImageObject\",\"inLanguage\":\"es\",\"@id\":\"https:\/\/rebecca-yachting.de\/es\/producto\/semirrigida-de-aluminio-aquaspirit-s370gt\/#primaryimage\",\"url\":\"https:\/\/rebecca-yachting.de\/wp-content\/uploads\/2025\/03\/IMG-20250314-WA0005.jpg\",\"contentUrl\":\"https:\/\/rebecca-yachting.de\/wp-content\/uploads\/2025\/03\/IMG-20250314-WA0005.jpg\",\"width\":860,\"height\":523},{\"@type\":\"BreadcrumbList\",\"@id\":\"https:\/\/rebecca-yachting.de\/es\/producto\/semirrigida-de-aluminio-aquaspirit-s370gt\/#breadcrumb\",\"itemListElement\":[{\"@type\":\"ListItem\",\"position\":1,\"name\":\"Startseite\",\"item\":\"https:\/\/rebecca-yachting.de\/es\/\"},{\"@type\":\"ListItem\",\"position\":2,\"name\":\"Tienda\",\"item\":\"https:\/\/rebecca-yachting.de\/es\/tienda\/\"},{\"@type\":\"ListItem\",\"position\":3,\"name\":\"AquaSpirit S370GT Semirr\u00edgida de aluminio\"}]},{\"@type\":\"WebSite\",\"@id\":\"https:\/\/rebecca-yachting.de\/es\/#website\",\"url\":\"https:\/\/rebecca-yachting.de\/es\/\",\"name\":\"Rebecca Yachting\",\"description\":\"Your Nautic Expert\",\"publisher\":{\"@id\":\"https:\/\/rebecca-yachting.de\/es\/#organization\"},\"potentialAction\":[{\"@type\":\"SearchAction\",\"target\":{\"@type\":\"EntryPoint\",\"urlTemplate\":\"https:\/\/rebecca-yachting.de\/es\/?s={search_term_string}\"},\"query-input\":{\"@type\":\"PropertyValueSpecification\",\"valueRequired\":true,\"valueName\":\"search_term_string\"}}],\"inLanguage\":\"es\"},{\"@type\":\"Organization\",\"@id\":\"https:\/\/rebecca-yachting.de\/es\/#organization\",\"name\":\"Rebecca Yachting\",\"url\":\"https:\/\/rebecca-yachting.de\/es\/\",\"logo\":{\"@type\":\"ImageObject\",\"inLanguage\":\"es\",\"@id\":\"https:\/\/rebecca-yachting.de\/es\/#\/schema\/logo\/image\/\",\"url\":\"http:\/\/rebecca-yachting.de\/wp-content\/uploads\/2023\/07\/rebecca-yachting.png\",\"contentUrl\":\"http:\/\/rebecca-yachting.de\/wp-content\/uploads\/2023\/07\/rebecca-yachting.png\",\"width\":158,\"height\":100,\"caption\":\"Rebecca Yachting\"},\"image\":{\"@id\":\"https:\/\/rebecca-yachting.de\/es\/#\/schema\/logo\/image\/\"}}]}<\/script>\n<!-- \/ Yoast SEO plugin. -->","yoast_head_json":{"title":"Aquaspirit S370GT \"Genius Tender\" - Semirr\u00edgida de aluminio | Rebecca Yachting","description":"Aquaspirit S370GT \"Genius Tender\" - Innovaci\u00f3n compacta, m\u00e1ximo confort | Embarcaci\u00f3n semirr\u00edgida de aluminio nueva en 2025 - \u00a1haz tu pedido en Rebecca Yachting, Mallorca!","robots":{"index":"index","follow":"follow","max-snippet":"max-snippet:-1","max-image-preview":"max-image-preview:large","max-video-preview":"max-video-preview:-1"},"canonical":"https:\/\/rebecca-yachting.de\/es\/producto\/semirrigida-de-aluminio-aquaspirit-s370gt\/","og_locale":"es_ES","og_type":"article","og_title":"Aquaspirit S370GT \"Genius Tender\" - Semirr\u00edgida de aluminio | Rebecca Yachting","og_description":"Aquaspirit S370GT \"Genius Tender\" - Innovaci\u00f3n compacta, m\u00e1ximo confort | Embarcaci\u00f3n semirr\u00edgida de aluminio nueva en 2025 - \u00a1haz tu pedido en Rebecca Yachting, Mallorca!","og_url":"https:\/\/rebecca-yachting.de\/es\/producto\/semirrigida-de-aluminio-aquaspirit-s370gt\/","og_site_name":"Rebecca Yachting","article_modified_time":"2025-03-25T11:46:26+00:00","og_image":[{"width":2560,"height":1440,"url":"http:\/\/rebecca-yachting.de\/wp-content\/uploads\/2025\/03\/Rebecca-Yachting-rib-1-1.png","type":"image\/png"}],"twitter_card":"summary_large_image","twitter_misc":{"Tiempo de lectura":"2 minutos"},"schema":{"@context":"https:\/\/schema.org","@graph":[{"@type":"WebPage","@id":"https:\/\/rebecca-yachting.de\/es\/producto\/semirrigida-de-aluminio-aquaspirit-s370gt\/","url":"https:\/\/rebecca-yachting.de\/es\/producto\/semirrigida-de-aluminio-aquaspirit-s370gt\/","name":"Aquaspirit S370GT \"Genius Tender\" - Semirr\u00edgida de aluminio | Rebecca Yachting","isPartOf":{"@id":"https:\/\/rebecca-yachting.de\/es\/#website"},"primaryImageOfPage":{"@id":"https:\/\/rebecca-yachting.de\/es\/producto\/semirrigida-de-aluminio-aquaspirit-s370gt\/#primaryimage"},"image":{"@id":"https:\/\/rebecca-yachting.de\/es\/producto\/semirrigida-de-aluminio-aquaspirit-s370gt\/#primaryimage"},"thumbnailUrl":"https:\/\/rebecca-yachting.de\/wp-content\/uploads\/2025\/03\/IMG-20250314-WA0005.jpg","datePublished":"2025-03-25T07:48:39+00:00","dateModified":"2025-03-25T11:46:26+00:00","description":"Aquaspirit S370GT \"Genius Tender\" - Innovaci\u00f3n compacta, m\u00e1ximo confort | Embarcaci\u00f3n semirr\u00edgida de aluminio nueva en 2025 - \u00a1haz tu pedido en Rebecca Yachting, Mallorca!","breadcrumb":{"@id":"https:\/\/rebecca-yachting.de\/es\/producto\/semirrigida-de-aluminio-aquaspirit-s370gt\/#breadcrumb"},"inLanguage":"es","potentialAction":[{"@type":"ReadAction","target":["https:\/\/rebecca-yachting.de\/es\/producto\/semirrigida-de-aluminio-aquaspirit-s370gt\/"]}]},{"@type":"ImageObject","inLanguage":"es","@id":"https:\/\/rebecca-yachting.de\/es\/producto\/semirrigida-de-aluminio-aquaspirit-s370gt\/#primaryimage","url":"https:\/\/rebecca-yachting.de\/wp-content\/uploads\/2025\/03\/IMG-20250314-WA0005.jpg","contentUrl":"https:\/\/rebecca-yachting.de\/wp-content\/uploads\/2025\/03\/IMG-20250314-WA0005.jpg","width":860,"height":523},{"@type":"BreadcrumbList","@id":"https:\/\/rebecca-yachting.de\/es\/producto\/semirrigida-de-aluminio-aquaspirit-s370gt\/#breadcrumb","itemListElement":[{"@type":"ListItem","position":1,"name":"Startseite","item":"https:\/\/rebecca-yachting.de\/es\/"},{"@type":"ListItem","position":2,"name":"Tienda","item":"https:\/\/rebecca-yachting.de\/es\/tienda\/"},{"@type":"ListItem","position":3,"name":"AquaSpirit S370GT Semirr\u00edgida de aluminio"}]},{"@type":"WebSite","@id":"https:\/\/rebecca-yachting.de\/es\/#website","url":"https:\/\/rebecca-yachting.de\/es\/","name":"Rebecca Yachting","description":"Your Nautic Expert","publisher":{"@id":"https:\/\/rebecca-yachting.de\/es\/#organization"},"potentialAction":[{"@type":"SearchAction","target":{"@type":"EntryPoint","urlTemplate":"https:\/\/rebecca-yachting.de\/es\/?s={search_term_string}"},"query-input":{"@type":"PropertyValueSpecification","valueRequired":true,"valueName":"search_term_string"}}],"inLanguage":"es"},{"@type":"Organization","@id":"https:\/\/rebecca-yachting.de\/es\/#organization","name":"Rebecca Yachting","url":"https:\/\/rebecca-yachting.de\/es\/","logo":{"@type":"ImageObject","inLanguage":"es","@id":"https:\/\/rebecca-yachting.de\/es\/#\/schema\/logo\/image\/","url":"http:\/\/rebecca-yachting.de\/wp-content\/uploads\/2023\/07\/rebecca-yachting.png","contentUrl":"http:\/\/rebecca-yachting.de\/wp-content\/uploads\/2023\/07\/rebecca-yachting.png","width":158,"height":100,"caption":"Rebecca Yachting"},"image":{"@id":"https:\/\/rebecca-yachting.de\/es\/#\/schema\/logo\/image\/"}}]}},"jetpack_sharing_enabled":true,"_links":{"self":[{"href":"https:\/\/rebecca-yachting.de\/es\/wp-json\/wp\/v2\/product\/3381","targetHints":{"allow":["GET"]}}],"collection":[{"href":"https:\/\/rebecca-yachting.de\/es\/wp-json\/wp\/v2\/product"}],"about":[{"href":"https:\/\/rebecca-yachting.de\/es\/wp-json\/wp\/v2\/types\/product"}],"replies":[{"embeddable":true,"href":"https:\/\/rebecca-yachting.de\/es\/wp-json\/wp\/v2\/comments?post=3381"}],"wp:featuredmedia":[{"embeddable":true,"href":"https:\/\/rebecca-yachting.de\/es\/wp-json\/wp\/v2\/media\/3481"}],"wp:attachment":[{"href":"https:\/\/rebecca-yachting.de\/es\/wp-json\/wp\/v2\/media?parent=3381"}],"wp:term":[{"taxonomy":"product_brand","embeddable":true,"href":"https:\/\/rebecca-yachting.de\/es\/wp-json\/wp\/v2\/product_brand?post=3381"},{"taxonomy":"product_cat","embeddable":true,"href":"https:\/\/rebecca-yachting.de\/es\/wp-json\/wp\/v2\/product_cat?post=3381"},{"taxonomy":"product_tag","embeddable":true,"href":"https:\/\/rebecca-yachting.de\/es\/wp-json\/wp\/v2\/product_tag?post=3381"}],"curies":[{"name":"wp","href":"https:\/\/api.w.org\/{rel}","templated":true}]}}