{"id":2681,"date":"2023-09-04T13:47:57","date_gmt":"2023-09-04T12:47:57","guid":{"rendered":"https:\/\/rebecca-yachting.de\/ofertas\/"},"modified":"2023-09-05T08:58:39","modified_gmt":"2023-09-05T07:58:39","slug":"ofertas","status":"publish","type":"page","link":"https:\/\/rebecca-yachting.de\/es\/ofertas\/","title":{"rendered":"Ofertas"},"content":{"rendered":"\t\t<div data-elementor-type=\"wp-page\" data-elementor-id=\"2681\" class=\"elementor elementor-2681 elementor-2648\" data-elementor-post-type=\"page\">\n\t\t\t\t\t\t<section class=\"elementor-section elementor-top-section elementor-element elementor-element-cf054c6 elementor-section-height-min-height elementor-section-boxed elementor-section-height-default elementor-section-items-middle\" data-id=\"cf054c6\" data-element_type=\"section\" data-settings=\"{&quot;background_background&quot;:&quot;classic&quot;}\">\n\t\t\t\t\t\t\t<div class=\"elementor-background-overlay\"><\/div>\n\t\t\t\t\t\t\t<div class=\"elementor-container elementor-column-gap-default\">\n\t\t\t\t\t<div class=\"elementor-column elementor-col-100 elementor-top-column elementor-element elementor-element-71d155b\" data-id=\"71d155b\" data-element_type=\"column\">\n\t\t\t<div class=\"elementor-widget-wrap elementor-element-populated\">\n\t\t\t\t\t\t<div class=\"elementor-element elementor-element-1682cd0 elementor-widget elementor-widget-heading\" data-id=\"1682cd0\" data-element_type=\"widget\" data-widget_type=\"heading.default\">\n\t\t\t\t<div class=\"elementor-widget-container\">\n\t\t\t\t\t<h1 class=\"elementor-heading-title elementor-size-default\">Ofertas actuales<\/h1>\t\t\t\t<\/div>\n\t\t\t\t<\/div>\n\t\t\t\t<div class=\"elementor-element elementor-element-5380c86 elementor-widget elementor-widget-heading\" data-id=\"5380c86\" data-element_type=\"widget\" data-widget_type=\"heading.default\">\n\t\t\t\t<div class=\"elementor-widget-container\">\n\t\t\t\t\t<h2 class=\"elementor-heading-title elementor-size-default\">Para comprar<\/h2>\t\t\t\t<\/div>\n\t\t\t\t<\/div>\n\t\t\t\t\t<\/div>\n\t\t<\/div>\n\t\t\t\t\t<\/div>\n\t\t<\/section>\n\t\t\t\t<section class=\"elementor-section elementor-top-section elementor-element elementor-element-d5517bd elementor-section-boxed elementor-section-height-default elementor-section-height-default\" data-id=\"d5517bd\" data-element_type=\"section\">\n\t\t\t\t\t\t<div class=\"elementor-container elementor-column-gap-default\">\n\t\t\t\t\t<div class=\"elementor-column elementor-col-100 elementor-top-column elementor-element elementor-element-77a79a3\" data-id=\"77a79a3\" data-element_type=\"column\">\n\t\t\t<div class=\"elementor-widget-wrap elementor-element-populated\">\n\t\t\t\t\t\t<div class=\"elementor-element elementor-element-73a1778 elementor-widget elementor-widget-spacer\" data-id=\"73a1778\" data-element_type=\"widget\" data-widget_type=\"spacer.default\">\n\t\t\t\t<div class=\"elementor-widget-container\">\n\t\t\t\t\t\t\t<div class=\"elementor-spacer\">\n\t\t\t<div class=\"elementor-spacer-inner\"><\/div>\n\t\t<\/div>\n\t\t\t\t\t\t<\/div>\n\t\t\t\t<\/div>\n\t\t\t\t\t<\/div>\n\t\t<\/div>\n\t\t\t\t\t<\/div>\n\t\t<\/section>\n\t\t\t\t<section class=\"elementor-section elementor-top-section elementor-element elementor-element-9baf483 elementor-section-boxed elementor-section-height-default elementor-section-height-default\" data-id=\"9baf483\" data-element_type=\"section\">\n\t\t\t\t\t\t<div class=\"elementor-container elementor-column-gap-default\">\n\t\t\t\t\t<div class=\"elementor-column elementor-col-100 elementor-top-column elementor-element elementor-element-feb3105\" data-id=\"feb3105\" data-element_type=\"column\">\n\t\t\t<div class=\"elementor-widget-wrap elementor-element-populated\">\n\t\t\t\t\t\t<div class=\"elementor-element elementor-element-1cb5446 elementor-widget elementor-widget-posts\" data-id=\"1cb5446\" data-element_type=\"widget\" data-settings=\"{&quot;full_content_row_gap&quot;:{&quot;unit&quot;:&quot;px&quot;,&quot;size&quot;:35,&quot;sizes&quot;:[]}}\" data-widget_type=\"posts.full_content\">\n\t\t\t\t<div class=\"elementor-widget-container\">\n\t\t\t\t\t\t\t<div class=\"elementor-posts-container elementor-posts elementor-posts--skin-full_content elementor-grid\" role=\"list\">\n\t\t\t\t<article class=\"elementor-post elementor-grid-item post-2396 post type-post status-publish format-standard hentry category-sin-categorizar\" role=\"listitem\">\n\t\t\t\t<div class=\"elementor-post__text\">\n\t\t\t\t<h3 class=\"elementor-post__title\">\n\t\t\t<a href=\"https:\/\/rebecca-yachting.de\/es\/sin-categorizar\/noticias-2\/\" >\n\t\t\t\tRemolque\t\t\t<\/a>\n\t\t<\/h3>\n\t\t\t\t<div class=\"elementor-post__meta-data\">\n\t\t\t\t\t<span class=\"elementor-post-date\">\n\t\t\t2. septiembre 2023\t\t<\/span>\n\t\t\t\t<span class=\"elementor-post-avatar\">\n\t\t\tNo hay comentarios\t\t<\/span>\n\t\t\t\t<\/div>\n\t\t<div class=\"elementor-post__content\"><style>.elementor-2396 .elementor-element.elementor-element-642d5e60 > .elementor-container > .elementor-column > .elementor-widget-wrap{align-content:center;align-items:center;}.elementor-2396 .elementor-element.elementor-element-642d5e60{padding:100px 0px 100px 0px;}.elementor-2396 .elementor-element.elementor-element-75d2a325 > .elementor-element-populated{padding:0% 10% 0% 0%;}.elementor-2396 .elementor-element.elementor-element-409f7101 > .elementor-widget-container{padding:15px 0px 0px 0px;}.elementor-2396 .elementor-element.elementor-element-409f7101{text-align:left;}.elementor-2396 .elementor-element.elementor-element-409f7101 .elementor-heading-title{font-size:45px;font-weight:500;color:#000000;}.elementor-2396 .elementor-element.elementor-element-fa8f1c8 .elementor-heading-title{color:var( --e-global-color-primary );}.elementor-2396 .elementor-element.elementor-element-4feddffd > .elementor-widget-container{padding:15px 0px 0px 0px;}.elementor-2396 .elementor-element.elementor-element-4feddffd{font-size:15px;font-weight:300;line-height:2em;color:var( --e-global-color-primary );}.elementor-2396 .elementor-element.elementor-element-77073793 .elementor-button{background-color:#3168AB;font-size:14px;font-weight:normal;border-radius:4px 4px 4px 4px;padding:17px 40px 17px 40px;}.elementor-2396 .elementor-element.elementor-element-77073793 .elementor-button:hover, .elementor-2396 .elementor-element.elementor-element-77073793 .elementor-button:focus{background-color:var( --e-global-color-astglobalcolor0 );color:var( --e-global-color-astglobalcolor5 );}.elementor-2396 .elementor-element.elementor-element-77073793 > .elementor-widget-container{margin:10px 0px 0px 0px;}.elementor-2396 .elementor-element.elementor-element-77073793 .elementor-button:hover svg, .elementor-2396 .elementor-element.elementor-element-77073793 .elementor-button:focus svg{fill:var( --e-global-color-astglobalcolor5 );}@media(max-width:1024px) and (min-width:768px){.elementor-2396 .elementor-element.elementor-element-75d2a325{width:100%;}.elementor-2396 .elementor-element.elementor-element-7d40bdea{width:100%;}}@media(max-width:1024px){.elementor-2396 .elementor-element.elementor-element-642d5e60{padding:100px 25px 100px 25px;}.elementor-2396 .elementor-element.elementor-element-77073793 > .elementor-widget-container{margin:10px 0px 0px 0px;}.elementor-2396 .elementor-element.elementor-element-77073793 .elementor-button{font-size:16px;padding:16px 32px 16px 32px;}.elementor-2396 .elementor-element.elementor-element-7d40bdea > .elementor-element-populated{padding:25px 0px 0px 0px;}.elementor-2396 .elementor-element.elementor-element-179e15f2{text-align:left;}.elementor-2396 .elementor-element.elementor-element-179e15f2 img{max-width:100%;}}@media(max-width:767px){.elementor-2396 .elementor-element.elementor-element-642d5e60{padding:50px 20px 50px 20px;}.elementor-2396 .elementor-element.elementor-element-75d2a325 > .elementor-element-populated{padding:25px 0px 0px 0px;}.elementor-2396 .elementor-element.elementor-element-409f7101 .elementor-heading-title{font-size:35px;}.elementor-2396 .elementor-element.elementor-element-77073793 > .elementor-widget-container{margin:40px 0px 0px 0px;}.elementor-2396 .elementor-element.elementor-element-77073793 .elementor-button{font-size:14px;padding:15px 28px 15px 28px;}.elementor-2396 .elementor-element.elementor-element-7d40bdea > .elementor-element-populated{padding:0px 0px 0px 0px;}}<\/style>\t\t<div data-elementor-type=\"wp-post\" data-elementor-id=\"2396\" class=\"elementor elementor-2396\" data-elementor-post-type=\"post\">\n\t\t\t\t\t\t<section class=\"elementor-section elementor-top-section elementor-element elementor-element-642d5e60 elementor-section-content-middle elementor-reverse-mobile elementor-section-boxed elementor-section-height-default elementor-section-height-default\" data-id=\"642d5e60\" data-element_type=\"section\">\n\t\t\t\t\t\t<div class=\"elementor-container elementor-column-gap-no\">\n\t\t\t\t\t<div class=\"elementor-column elementor-col-50 elementor-top-column elementor-element elementor-element-75d2a325\" data-id=\"75d2a325\" data-element_type=\"column\">\n\t\t\t<div class=\"elementor-widget-wrap elementor-element-populated\">\n\t\t\t\t\t\t<div class=\"elementor-element elementor-element-409f7101 elementor-widget elementor-widget-heading\" data-id=\"409f7101\" data-element_type=\"widget\" data-widget_type=\"heading.default\">\n\t\t\t\t<div class=\"elementor-widget-container\">\n\t\t\t\t\t<h2 class=\"elementor-heading-title elementor-size-default\">Remolque de barco<\/h2>\t\t\t\t<\/div>\n\t\t\t\t<\/div>\n\t\t\t\t<div class=\"elementor-element elementor-element-fa8f1c8 elementor-widget elementor-widget-heading\" data-id=\"fa8f1c8\" data-element_type=\"widget\" data-widget_type=\"heading.default\">\n\t\t\t\t<div class=\"elementor-widget-container\">\n\t\t\t\t\t<h5 class=\"elementor-heading-title elementor-size-default\">Precio: a petici\u00f3n<\/h5>\t\t\t\t<\/div>\n\t\t\t\t<\/div>\n\t\t\t\t<div class=\"elementor-element elementor-element-4feddffd elementor-widget elementor-widget-text-editor\" data-id=\"4feddffd\" data-element_type=\"widget\" data-widget_type=\"text-editor.default\">\n\t\t\t\t<div class=\"elementor-widget-container\">\n\t\t\t\t\t\t\t\t\t<p>P\u00f3ngase en contacto con nosotros si est\u00e1 interesado<\/p>\n\t\t\t\t\t\t\t\t<\/div>\n\t\t\t\t<\/div>\n\t\t\t\t<div class=\"elementor-element elementor-element-77073793 elementor-align-center elementor-widget elementor-widget-button\" data-id=\"77073793\" data-element_type=\"widget\" data-widget_type=\"button.default\">\n\t\t\t\t<div class=\"elementor-widget-container\">\n\t\t\t\t\t\t\t\t\t<div class=\"elementor-button-wrapper\">\n\t\t\t\t\t<a class=\"elementor-button elementor-button-link elementor-size-sm\" href=\"https:\/\/rebecca-yachting.de\/es\/contacto\/\">\n\t\t\t\t\t\t<span class=\"elementor-button-content-wrapper\">\n\t\t\t\t\t\t\t\t\t<span class=\"elementor-button-text\">Contacto<\/span>\n\t\t\t\t\t<\/span>\n\t\t\t\t\t<\/a>\n\t\t\t\t<\/div>\n\t\t\t\t\t\t\t\t<\/div>\n\t\t\t\t<\/div>\n\t\t\t\t\t<\/div>\n\t\t<\/div>\n\t\t\t\t<div class=\"elementor-column elementor-col-50 elementor-top-column elementor-element elementor-element-7d40bdea\" data-id=\"7d40bdea\" data-element_type=\"column\">\n\t\t\t<div class=\"elementor-widget-wrap elementor-element-populated\">\n\t\t\t\t\t\t<div class=\"elementor-element elementor-element-179e15f2 elementor-widget elementor-widget-image\" data-id=\"179e15f2\" data-element_type=\"widget\" data-widget_type=\"image.default\">\n\t\t\t\t<div class=\"elementor-widget-container\">\n\t\t\t\t\t\t\t\t\t\t\t\t\t\t\t<img fetchpriority=\"high\" fetchpriority=\"high\" decoding=\"async\" width=\"1280\" height=\"853\" src=\"https:\/\/rebecca-yachting.de\/wp-content\/uploads\/2023\/09\/loading-boat-trailer-fishing-shelter-2086851.jpg\" class=\"attachment-full size-full wp-image-2668\" alt=\"\" srcset=\"https:\/\/rebecca-yachting.de\/wp-content\/uploads\/2023\/09\/loading-boat-trailer-fishing-shelter-2086851.jpg 1280w, https:\/\/rebecca-yachting.de\/wp-content\/uploads\/2023\/09\/loading-boat-trailer-fishing-shelter-2086851-600x400.jpg 600w, https:\/\/rebecca-yachting.de\/wp-content\/uploads\/2023\/09\/loading-boat-trailer-fishing-shelter-2086851-300x200.jpg 300w, https:\/\/rebecca-yachting.de\/wp-content\/uploads\/2023\/09\/loading-boat-trailer-fishing-shelter-2086851-1024x682.jpg 1024w, https:\/\/rebecca-yachting.de\/wp-content\/uploads\/2023\/09\/loading-boat-trailer-fishing-shelter-2086851-768x512.jpg 768w\" sizes=\"(max-width: 1280px) 100vw, 1280px\" \/>\t\t\t\t\t\t\t\t\t\t\t\t\t\t\t<\/div>\n\t\t\t\t<\/div>\n\t\t\t\t\t<\/div>\n\t\t<\/div>\n\t\t\t\t\t<\/div>\n\t\t<\/section>\n\t\t\t\t<\/div>\n\t\t<\/div>\t\t<\/div>\n\t\t\t\t<\/article>\n\t\t\t\t<\/div>\n\t\t\n\t\t\t\t\t\t<\/div>\n\t\t\t\t<\/div>\n\t\t\t\t\t<\/div>\n\t\t<\/div>\n\t\t\t\t\t<\/div>\n\t\t<\/section>\n\t\t\t\t<\/div>\n\t\t","protected":false},"excerpt":{"rendered":"<p>Ofertas actuales Para comprar<\/p>\n","protected":false},"author":1,"featured_media":0,"parent":0,"menu_order":0,"comment_status":"closed","ping_status":"closed","template":"","meta":{"site-sidebar-layout":"no-sidebar","site-content-layout":"page-builder","ast-site-content-layout":"default","site-content-style":"default","site-sidebar-style":"default","ast-global-header-display":"","ast-banner-title-visibility":"","ast-main-header-display":"","ast-hfb-above-header-display":"","ast-hfb-below-header-display":"","ast-hfb-mobile-header-display":"","site-post-title":"disabled","ast-breadcrumbs-content":"","ast-featured-img":"disabled","footer-sml-layout":"","theme-transparent-header-meta":"","adv-header-id-meta":"","stick-header-meta":"","header-above-stick-meta":"","header-main-stick-meta":"","header-below-stick-meta":"","astra-migrate-meta-layouts":"default","ast-page-background-enabled":"default","ast-page-background-meta":{"desktop":{"background-color":"var(--ast-global-color-4)","background-image":"","background-repeat":"repeat","background-position":"center center","background-size":"auto","background-attachment":"scroll","background-type":"","background-media":"","overlay-type":"","overlay-color":"","overlay-opacity":"","overlay-gradient":""},"tablet":{"background-color":"","background-image":"","background-repeat":"repeat","background-position":"center center","background-size":"auto","background-attachment":"scroll","background-type":"","background-media":"","overlay-type":"","overlay-color":"","overlay-opacity":"","overlay-gradient":""},"mobile":{"background-color":"","background-image":"","background-repeat":"repeat","background-position":"center center","background-size":"auto","background-attachment":"scroll","background-type":"","background-media":"","overlay-type":"","overlay-color":"","overlay-opacity":"","overlay-gradient":""}},"ast-content-background-meta":{"desktop":{"background-color":"var(--ast-global-color-5)","background-image":"","background-repeat":"repeat","background-position":"center center","background-size":"auto","background-attachment":"scroll","background-type":"","background-media":"","overlay-type":"","overlay-color":"","overlay-opacity":"","overlay-gradient":""},"tablet":{"background-color":"var(--ast-global-color-5)","background-image":"","background-repeat":"repeat","background-position":"center center","background-size":"auto","background-attachment":"scroll","background-type":"","background-media":"","overlay-type":"","overlay-color":"","overlay-opacity":"","overlay-gradient":""},"mobile":{"background-color":"var(--ast-global-color-5)","background-image":"","background-repeat":"repeat","background-position":"center center","background-size":"auto","background-attachment":"scroll","background-type":"","background-media":"","overlay-type":"","overlay-color":"","overlay-opacity":"","overlay-gradient":""}},"footnotes":""},"class_list":["post-2681","page","type-page","status-publish","hentry"],"yoast_head":"<!-- This site is optimized with the Yoast SEO plugin v25.6 - https:\/\/yoast.com\/wordpress\/plugins\/seo\/ -->\n<title>Ofertas - Rebecca Yachting<\/title>\n<meta name=\"description\" content=\"Vea aqu\u00ed las ofertas actuales en Mallorca | Remolques, semirr\u00edgidas, neum\u00e1ticas y mucho m\u00e1s | Rebecca Yachting, Palma\" \/>\n<meta name=\"robots\" content=\"index, follow, max-snippet:-1, max-image-preview:large, max-video-preview:-1\" \/>\n<link rel=\"canonical\" href=\"https:\/\/rebecca-yachting.de\/es\/ofertas\/\" \/>\n<meta property=\"og:locale\" content=\"es_ES\" \/>\n<meta property=\"og:type\" content=\"article\" \/>\n<meta property=\"og:title\" content=\"Ofertas - Rebecca Yachting\" \/>\n<meta property=\"og:description\" content=\"Vea aqu\u00ed las ofertas actuales en Mallorca | Remolques, semirr\u00edgidas, neum\u00e1ticas y mucho m\u00e1s | Rebecca Yachting, Palma\" \/>\n<meta property=\"og:url\" content=\"https:\/\/rebecca-yachting.de\/es\/ofertas\/\" \/>\n<meta property=\"og:site_name\" content=\"Rebecca Yachting\" \/>\n<meta property=\"article:modified_time\" content=\"2023-09-05T07:58:39+00:00\" \/>\n<meta name=\"twitter:card\" content=\"summary_large_image\" \/>\n<script type=\"application\/ld+json\" class=\"yoast-schema-graph\">{\"@context\":\"https:\/\/schema.org\",\"@graph\":[{\"@type\":\"WebPage\",\"@id\":\"https:\/\/rebecca-yachting.de\/es\/ofertas\/\",\"url\":\"https:\/\/rebecca-yachting.de\/es\/ofertas\/\",\"name\":\"Ofertas - Rebecca Yachting\",\"isPartOf\":{\"@id\":\"https:\/\/rebecca-yachting.de\/es\/#website\"},\"datePublished\":\"2023-09-04T12:47:57+00:00\",\"dateModified\":\"2023-09-05T07:58:39+00:00\",\"description\":\"Vea aqu\u00ed las ofertas actuales en Mallorca | Remolques, semirr\u00edgidas, neum\u00e1ticas y mucho m\u00e1s | Rebecca Yachting, Palma\",\"breadcrumb\":{\"@id\":\"https:\/\/rebecca-yachting.de\/es\/ofertas\/#breadcrumb\"},\"inLanguage\":\"es\",\"potentialAction\":[{\"@type\":\"ReadAction\",\"target\":[\"https:\/\/rebecca-yachting.de\/es\/ofertas\/\"]}]},{\"@type\":\"BreadcrumbList\",\"@id\":\"https:\/\/rebecca-yachting.de\/es\/ofertas\/#breadcrumb\",\"itemListElement\":[{\"@type\":\"ListItem\",\"position\":1,\"name\":\"Startseite\",\"item\":\"https:\/\/rebecca-yachting.de\/es\/\"},{\"@type\":\"ListItem\",\"position\":2,\"name\":\"Ofertas\"}]},{\"@type\":\"WebSite\",\"@id\":\"https:\/\/rebecca-yachting.de\/es\/#website\",\"url\":\"https:\/\/rebecca-yachting.de\/es\/\",\"name\":\"Rebecca Yachting\",\"description\":\"Your Nautic Expert\",\"publisher\":{\"@id\":\"https:\/\/rebecca-yachting.de\/es\/#organization\"},\"potentialAction\":[{\"@type\":\"SearchAction\",\"target\":{\"@type\":\"EntryPoint\",\"urlTemplate\":\"https:\/\/rebecca-yachting.de\/es\/?s={search_term_string}\"},\"query-input\":{\"@type\":\"PropertyValueSpecification\",\"valueRequired\":true,\"valueName\":\"search_term_string\"}}],\"inLanguage\":\"es\"},{\"@type\":\"Organization\",\"@id\":\"https:\/\/rebecca-yachting.de\/es\/#organization\",\"name\":\"Rebecca Yachting\",\"url\":\"https:\/\/rebecca-yachting.de\/es\/\",\"logo\":{\"@type\":\"ImageObject\",\"inLanguage\":\"es\",\"@id\":\"https:\/\/rebecca-yachting.de\/es\/#\/schema\/logo\/image\/\",\"url\":\"http:\/\/rebecca-yachting.de\/wp-content\/uploads\/2023\/07\/rebecca-yachting.png\",\"contentUrl\":\"http:\/\/rebecca-yachting.de\/wp-content\/uploads\/2023\/07\/rebecca-yachting.png\",\"width\":158,\"height\":100,\"caption\":\"Rebecca Yachting\"},\"image\":{\"@id\":\"https:\/\/rebecca-yachting.de\/es\/#\/schema\/logo\/image\/\"}}]}<\/script>\n<!-- \/ Yoast SEO plugin. -->","yoast_head_json":{"title":"Ofertas - Rebecca Yachting","description":"Vea aqu\u00ed las ofertas actuales en Mallorca | Remolques, semirr\u00edgidas, neum\u00e1ticas y mucho m\u00e1s | Rebecca Yachting, Palma","robots":{"index":"index","follow":"follow","max-snippet":"max-snippet:-1","max-image-preview":"max-image-preview:large","max-video-preview":"max-video-preview:-1"},"canonical":"https:\/\/rebecca-yachting.de\/es\/ofertas\/","og_locale":"es_ES","og_type":"article","og_title":"Ofertas - Rebecca Yachting","og_description":"Vea aqu\u00ed las ofertas actuales en Mallorca | Remolques, semirr\u00edgidas, neum\u00e1ticas y mucho m\u00e1s | Rebecca Yachting, Palma","og_url":"https:\/\/rebecca-yachting.de\/es\/ofertas\/","og_site_name":"Rebecca Yachting","article_modified_time":"2023-09-05T07:58:39+00:00","twitter_card":"summary_large_image","schema":{"@context":"https:\/\/schema.org","@graph":[{"@type":"WebPage","@id":"https:\/\/rebecca-yachting.de\/es\/ofertas\/","url":"https:\/\/rebecca-yachting.de\/es\/ofertas\/","name":"Ofertas - Rebecca Yachting","isPartOf":{"@id":"https:\/\/rebecca-yachting.de\/es\/#website"},"datePublished":"2023-09-04T12:47:57+00:00","dateModified":"2023-09-05T07:58:39+00:00","description":"Vea aqu\u00ed las ofertas actuales en Mallorca | Remolques, semirr\u00edgidas, neum\u00e1ticas y mucho m\u00e1s | Rebecca Yachting, Palma","breadcrumb":{"@id":"https:\/\/rebecca-yachting.de\/es\/ofertas\/#breadcrumb"},"inLanguage":"es","potentialAction":[{"@type":"ReadAction","target":["https:\/\/rebecca-yachting.de\/es\/ofertas\/"]}]},{"@type":"BreadcrumbList","@id":"https:\/\/rebecca-yachting.de\/es\/ofertas\/#breadcrumb","itemListElement":[{"@type":"ListItem","position":1,"name":"Startseite","item":"https:\/\/rebecca-yachting.de\/es\/"},{"@type":"ListItem","position":2,"name":"Ofertas"}]},{"@type":"WebSite","@id":"https:\/\/rebecca-yachting.de\/es\/#website","url":"https:\/\/rebecca-yachting.de\/es\/","name":"Rebecca Yachting","description":"Your Nautic Expert","publisher":{"@id":"https:\/\/rebecca-yachting.de\/es\/#organization"},"potentialAction":[{"@type":"SearchAction","target":{"@type":"EntryPoint","urlTemplate":"https:\/\/rebecca-yachting.de\/es\/?s={search_term_string}"},"query-input":{"@type":"PropertyValueSpecification","valueRequired":true,"valueName":"search_term_string"}}],"inLanguage":"es"},{"@type":"Organization","@id":"https:\/\/rebecca-yachting.de\/es\/#organization","name":"Rebecca Yachting","url":"https:\/\/rebecca-yachting.de\/es\/","logo":{"@type":"ImageObject","inLanguage":"es","@id":"https:\/\/rebecca-yachting.de\/es\/#\/schema\/logo\/image\/","url":"http:\/\/rebecca-yachting.de\/wp-content\/uploads\/2023\/07\/rebecca-yachting.png","contentUrl":"http:\/\/rebecca-yachting.de\/wp-content\/uploads\/2023\/07\/rebecca-yachting.png","width":158,"height":100,"caption":"Rebecca Yachting"},"image":{"@id":"https:\/\/rebecca-yachting.de\/es\/#\/schema\/logo\/image\/"}}]}},"jetpack_sharing_enabled":true,"_links":{"self":[{"href":"https:\/\/rebecca-yachting.de\/es\/wp-json\/wp\/v2\/pages\/2681","targetHints":{"allow":["GET"]}}],"collection":[{"href":"https:\/\/rebecca-yachting.de\/es\/wp-json\/wp\/v2\/pages"}],"about":[{"href":"https:\/\/rebecca-yachting.de\/es\/wp-json\/wp\/v2\/types\/page"}],"author":[{"embeddable":true,"href":"https:\/\/rebecca-yachting.de\/es\/wp-json\/wp\/v2\/users\/1"}],"replies":[{"embeddable":true,"href":"https:\/\/rebecca-yachting.de\/es\/wp-json\/wp\/v2\/comments?post=2681"}],"version-history":[{"count":3,"href":"https:\/\/rebecca-yachting.de\/es\/wp-json\/wp\/v2\/pages\/2681\/revisions"}],"predecessor-version":[{"id":2717,"href":"https:\/\/rebecca-yachting.de\/es\/wp-json\/wp\/v2\/pages\/2681\/revisions\/2717"}],"wp:attachment":[{"href":"https:\/\/rebecca-yachting.de\/es\/wp-json\/wp\/v2\/media?parent=2681"}],"curies":[{"name":"wp","href":"https:\/\/api.w.org\/{rel}","templated":true}]}}