{"id":2492,"date":"2023-08-01T12:32:46","date_gmt":"2023-08-01T11:32:46","guid":{"rendered":"http:\/\/rebecca-yachting.de\/pirotecnia\/"},"modified":"2023-09-12T10:17:41","modified_gmt":"2023-09-12T09:17:41","slug":"pirotecnia","status":"publish","type":"page","link":"https:\/\/rebecca-yachting.de\/es\/pirotecnia\/","title":{"rendered":"Pirotecnia"},"content":{"rendered":"\t\t<div data-elementor-type=\"wp-page\" data-elementor-id=\"2492\" class=\"elementor elementor-2492 elementor-1703\" data-elementor-post-type=\"page\">\n\t\t\t\t\t\t<section class=\"elementor-section elementor-top-section elementor-element elementor-element-dorycxh elementor-section-content-middle elementor-section-boxed elementor-section-height-default elementor-section-height-default\" data-id=\"dorycxh\" data-element_type=\"section\" data-settings=\"{&quot;background_background&quot;:&quot;classic&quot;}\">\n\t\t\t\t\t\t\t<div class=\"elementor-background-overlay\"><\/div>\n\t\t\t\t\t\t\t<div class=\"elementor-container elementor-column-gap-no\">\n\t\t\t\t\t<div class=\"elementor-column elementor-col-100 elementor-top-column elementor-element elementor-element-546b9f5\" data-id=\"546b9f5\" data-element_type=\"column\">\n\t\t\t<div class=\"elementor-widget-wrap elementor-element-populated\">\n\t\t\t\t\t\t<div class=\"elementor-element elementor-element-ba215d5 elementor-widget__width-initial elementor-widget-mobile__width-inherit elementor-widget elementor-widget-heading\" data-id=\"ba215d5\" data-element_type=\"widget\" data-widget_type=\"heading.default\">\n\t\t\t\t<div class=\"elementor-widget-container\">\n\t\t\t\t\t<h1 class=\"elementor-heading-title elementor-size-default\">Venta de material pirot\u00e9cnico para salvamento mar\u00edtimo<\/h1>\t\t\t\t<\/div>\n\t\t\t\t<\/div>\n\t\t\t\t<div class=\"elementor-element elementor-element-ae17007 elementor-widget__width-initial elementor-widget-mobile__width-inherit elementor-widget elementor-widget-text-editor\" data-id=\"ae17007\" data-element_type=\"widget\" data-widget_type=\"text-editor.default\">\n\t\t\t\t<div class=\"elementor-widget-container\">\n\t\t\t\t\t\t\t\t\t<p>Le ofrecemos equipos de se\u00f1alizaci\u00f3n de socorro de alta calidad que garantizan de forma fiable su seguridad en el mar en caso de emergencia.<\/p>\n<p>Descubra nuestros productos y conf\u00ede en nosotros para garantizar su seguridad en el agua.<\/p>\n\t\t\t\t\t\t\t\t<\/div>\n\t\t\t\t<\/div>\n\t\t\t\t<div class=\"elementor-element elementor-element-0367610 elementor-widget elementor-widget-image\" data-id=\"0367610\" data-element_type=\"widget\" data-widget_type=\"image.default\">\n\t\t\t\t<div class=\"elementor-widget-container\">\n\t\t\t\t\t\t\t\t\t\t\t\t\t\t\t<img decoding=\"async\" src=\"https:\/\/rebecca-yachting.de\/wp-content\/uploads\/2023\/08\/pyro2.jpg\" title=\"Pyrotechnik\" alt=\"Pyrotechnik\" loading=\"lazy\" \/>\t\t\t\t\t\t\t\t\t\t\t\t\t\t\t<\/div>\n\t\t\t\t<\/div>\n\t\t\t\t<section class=\"elementor-section elementor-inner-section elementor-element elementor-element-216bdf1 elementor-section-boxed elementor-section-height-default elementor-section-height-default\" data-id=\"216bdf1\" data-element_type=\"section\">\n\t\t\t\t\t\t<div class=\"elementor-container elementor-column-gap-default\">\n\t\t\t\t\t<div class=\"elementor-column elementor-col-33 elementor-inner-column elementor-element elementor-element-34d33e2\" data-id=\"34d33e2\" data-element_type=\"column\" data-settings=\"{&quot;background_background&quot;:&quot;classic&quot;}\">\n\t\t\t<div class=\"elementor-widget-wrap elementor-element-populated\">\n\t\t\t\t\t\t<div class=\"elementor-element elementor-element-6e074cf elementor-position-top elementor-widget elementor-widget-image-box\" data-id=\"6e074cf\" data-element_type=\"widget\" data-widget_type=\"image-box.default\">\n\t\t\t\t<div class=\"elementor-widget-container\">\n\t\t\t\t\t<div class=\"elementor-image-box-wrapper\"><figure class=\"elementor-image-box-img\"><img fetchpriority=\"high\" decoding=\"async\" width=\"1080\" height=\"1080\" src=\"https:\/\/rebecca-yachting.de\/wp-content\/uploads\/2023\/07\/kauf.png\" class=\"attachment-full size-full wp-image-1372\" alt=\"kauf icon\" srcset=\"https:\/\/rebecca-yachting.de\/wp-content\/uploads\/2023\/07\/kauf.png 1080w, https:\/\/rebecca-yachting.de\/wp-content\/uploads\/2023\/07\/kauf-300x300.png 300w, https:\/\/rebecca-yachting.de\/wp-content\/uploads\/2023\/07\/kauf-100x100.png 100w, https:\/\/rebecca-yachting.de\/wp-content\/uploads\/2023\/07\/kauf-600x600.png 600w, https:\/\/rebecca-yachting.de\/wp-content\/uploads\/2023\/07\/kauf-1024x1024.png 1024w, https:\/\/rebecca-yachting.de\/wp-content\/uploads\/2023\/07\/kauf-150x150.png 150w, https:\/\/rebecca-yachting.de\/wp-content\/uploads\/2023\/07\/kauf-768x768.png 768w\" sizes=\"(max-width: 1080px) 100vw, 1080px\" \/><\/figure><div class=\"elementor-image-box-content\"><h2 class=\"elementor-image-box-title\">Venta<\/h2><p class=\"elementor-image-box-description\">Somos un proveedor autorizado de se\u00f1ales pirot\u00e9cnicas de socorro como: Cohetes paraca\u00eddas, bengalas de mano y se\u00f1ales de humo para embarcaciones de recreo, yates y buques. Nuestros productos de venta (fabricantes europeos) est\u00e1n homologados conforme a SOLAS y a las normas internacionales seg\u00fan la Directiva europea.<\/p><\/div><\/div>\t\t\t\t<\/div>\n\t\t\t\t<\/div>\n\t\t\t\t\t<\/div>\n\t\t<\/div>\n\t\t\t\t<div class=\"elementor-column elementor-col-33 elementor-inner-column elementor-element elementor-element-3f072ac\" data-id=\"3f072ac\" data-element_type=\"column\">\n\t\t\t<div class=\"elementor-widget-wrap\">\n\t\t\t\t\t\t\t<\/div>\n\t\t<\/div>\n\t\t\t\t<div class=\"elementor-column elementor-col-33 elementor-inner-column elementor-element elementor-element-945c3ea\" data-id=\"945c3ea\" data-element_type=\"column\">\n\t\t\t<div class=\"elementor-widget-wrap elementor-element-populated\">\n\t\t\t\t\t\t<div class=\"elementor-element elementor-element-f9c3d32 elementor-position-top elementor-widget elementor-widget-image-box\" data-id=\"f9c3d32\" data-element_type=\"widget\" data-widget_type=\"image-box.default\">\n\t\t\t\t<div class=\"elementor-widget-container\">\n\t\t\t\t\t<div class=\"elementor-image-box-wrapper\"><figure class=\"elementor-image-box-img\"><img decoding=\"async\" width=\"1080\" height=\"1080\" src=\"https:\/\/rebecca-yachting.de\/wp-content\/uploads\/2023\/07\/service.png\" class=\"attachment-full size-full wp-image-1374\" alt=\"service icon\" srcset=\"https:\/\/rebecca-yachting.de\/wp-content\/uploads\/2023\/07\/service.png 1080w, https:\/\/rebecca-yachting.de\/wp-content\/uploads\/2023\/07\/service-300x300.png 300w, https:\/\/rebecca-yachting.de\/wp-content\/uploads\/2023\/07\/service-100x100.png 100w, https:\/\/rebecca-yachting.de\/wp-content\/uploads\/2023\/07\/service-600x600.png 600w, https:\/\/rebecca-yachting.de\/wp-content\/uploads\/2023\/07\/service-1024x1024.png 1024w, https:\/\/rebecca-yachting.de\/wp-content\/uploads\/2023\/07\/service-150x150.png 150w, https:\/\/rebecca-yachting.de\/wp-content\/uploads\/2023\/07\/service-768x768.png 768w\" sizes=\"(max-width: 1080px) 100vw, 1080px\" \/><\/figure><div class=\"elementor-image-box-content\"><h4 class=\"elementor-image-box-title\">Servicio<\/h4><p class=\"elementor-image-box-description\">Estaremos encantados de asesorarle ampliamente sobre el tema de la pirotecnia.\nTel.(+34) 637 587 382<\/p><\/div><\/div>\t\t\t\t<\/div>\n\t\t\t\t<\/div>\n\t\t\t\t\t<\/div>\n\t\t<\/div>\n\t\t\t\t\t<\/div>\n\t\t<\/section>\n\t\t\t\t\t<\/div>\n\t\t<\/div>\n\t\t\t\t\t<\/div>\n\t\t<\/section>\n\t\t\t\t<section class=\"elementor-section elementor-top-section elementor-element elementor-element-fdb1479 elementor-section-boxed elementor-section-height-default elementor-section-height-default\" data-id=\"fdb1479\" data-element_type=\"section\">\n\t\t\t\t\t\t<div class=\"elementor-container elementor-column-gap-default\">\n\t\t\t\t\t<div class=\"elementor-column elementor-col-100 elementor-top-column elementor-element elementor-element-a35b80c\" data-id=\"a35b80c\" data-element_type=\"column\">\n\t\t\t<div class=\"elementor-widget-wrap elementor-element-populated\">\n\t\t\t\t\t\t<div class=\"elementor-element elementor-element-051db4e elementor-widget elementor-widget-wpforms\" data-id=\"051db4e\" data-element_type=\"widget\" data-widget_type=\"wpforms.default\">\n\t\t\t\t<div class=\"elementor-widget-container\">\n\t\t\t\t\t<div class=\"wpforms-container \" id=\"wpforms-2823\"><form id=\"wpforms-form-2823\" class=\"wpforms-validate wpforms-form wpforms-ajax-form\" data-formid=\"2823\" method=\"post\" enctype=\"multipart\/form-data\" action=\"\/es\/wp-json\/wp\/v2\/pages\/2492\" data-token=\"fe6a616ddd986fc9997da5fa28c4b431\" data-token-time=\"1778699963\"><noscript class=\"wpforms-error-noscript\">Por favor, activa JavaScript en tu navegador para completar este formulario.<\/noscript><div class=\"wpforms-field-container\"><div id=\"wpforms-2823-field_0-container\" class=\"wpforms-field wpforms-field-name\" data-field-id=\"0\"><label class=\"wpforms-field-label\">Nombre <span class=\"wpforms-required-label\">*<\/span><\/label><div class=\"wpforms-field-row wpforms-field-large\"><div class=\"wpforms-field-row-block wpforms-first wpforms-one-half\"><input type=\"text\" id=\"wpforms-2823-field_0\" class=\"wpforms-field-name-first wpforms-field-required\" name=\"wpforms[fields][0][first]\" required><label for=\"wpforms-2823-field_0\" class=\"wpforms-field-sublabel after\">Vorname<\/label><\/div><div class=\"wpforms-field-row-block wpforms-one-half\"><input type=\"text\" id=\"wpforms-2823-field_0-last\" class=\"wpforms-field-name-last wpforms-field-required\" name=\"wpforms[fields][0][last]\" required><label for=\"wpforms-2823-field_0-last\" class=\"wpforms-field-sublabel after\">Nachname<\/label><\/div><\/div><\/div>\t\t<div id=\"wpforms-2823-field_3-container\"\n\t\t\tclass=\"wpforms-field wpforms-field-text\"\n\t\t\tdata-field-type=\"text\"\n\t\t\tdata-field-id=\"3\"\n\t\t\t>\n\t\t\t<label class=\"wpforms-field-label\" for=\"wpforms-2823-field_3\" > mensaje Su<\/label>\n\t\t\t<input type=\"text\" id=\"wpforms-2823-field_3\" class=\"wpforms-field-medium\" name=\"wpforms[fields][3]\" >\n\t\t<\/div>\n\t\t<div id=\"wpforms-2823-field_1-container\" class=\"wpforms-field wpforms-field-email\" data-field-id=\"1\"><label class=\"wpforms-field-label\" for=\"wpforms-2823-field_1\">Email  <span class=\"wpforms-required-label\">*<\/span><\/label><input type=\"email\" id=\"wpforms-2823-field_1\" class=\"wpforms-field-large wpforms-field-required\" name=\"wpforms[fields][1]\" spellcheck=\"false\" required><\/div><div id=\"wpforms-2823-field_2-container\" class=\"wpforms-field wpforms-field-textarea\" data-field-id=\"2\"><label class=\"wpforms-field-label\" for=\"wpforms-2823-field_2\">Su mensaje <span class=\"wpforms-required-label\">*<\/span><\/label><textarea id=\"wpforms-2823-field_2\" class=\"wpforms-field-small wpforms-field-required\" name=\"wpforms[fields][2]\" required><\/textarea><\/div><script>\n\t\t\t\t( function() {\n\t\t\t\t\tconst style = document.createElement( 'style' );\n\t\t\t\t\tstyle.appendChild( document.createTextNode( '#wpforms-2823-field_3-container { position: absolute !important; overflow: hidden !important; display: inline !important; height: 1px !important; width: 1px !important; z-index: -1000 !important; padding: 0 !important; } #wpforms-2823-field_3-container input { visibility: hidden; } #wpforms-conversational-form-page #wpforms-2823-field_3-container label { counter-increment: none; }' ) );\n\t\t\t\t\tdocument.head.appendChild( style );\n\t\t\t\t\tdocument.currentScript?.remove();\n\t\t\t\t} )();\n\t\t\t<\/script><\/div><!-- .wpforms-field-container --><div class=\"wpforms-recaptcha-container wpforms-is-recaptcha wpforms-is-recaptcha-type-v2\" ><div class=\"g-recaptcha\" data-sitekey=\"6LcBAQMoAAAAAFuKb_iG6IHgr5MJ8FkCRjTjWiEo\"><\/div><input type=\"text\" name=\"g-recaptcha-hidden\" class=\"wpforms-recaptcha-hidden\" style=\"position:absolute!important;clip:rect(0,0,0,0)!important;height:1px!important;width:1px!important;border:0!important;overflow:hidden!important;padding:0!important;margin:0!important;\" data-rule-recaptcha=\"1\"><\/div><div class=\"wpforms-submit-container\" ><input type=\"hidden\" name=\"wpforms[id]\" value=\"2823\"><input type=\"hidden\" name=\"page_title\" value=\"\"><input type=\"hidden\" name=\"page_url\" value=\"https:\/\/rebecca-yachting.de\/es\/wp-json\/wp\/v2\/pages\/2492\"><input type=\"hidden\" name=\"url_referer\" value=\"\"><button type=\"submit\" name=\"wpforms[submit]\" id=\"wpforms-submit-2823\" class=\"wpforms-submit\" data-alt-text=\"Enviado...\" data-submit-text=\"Enviar\" aria-live=\"assertive\" value=\"wpforms-submit\">Enviar<\/button><img decoding=\"async\" src=\"https:\/\/rebecca-yachting.de\/wp-content\/plugins\/wpforms-lite\/assets\/images\/submit-spin.svg\" class=\"wpforms-submit-spinner\" style=\"display: none;\" width=\"26\" height=\"26\" alt=\"Cargando\"><\/div><\/form><\/div>  <!-- .wpforms-container -->\t\t\t\t<\/div>\n\t\t\t\t<\/div>\n\t\t\t\t\t<\/div>\n\t\t<\/div>\n\t\t\t\t\t<\/div>\n\t\t<\/section>\n\t\t\t\t<\/div>\n\t\t","protected":false},"excerpt":{"rendered":"<p>Venta de material pirot\u00e9cnico para salvamento mar\u00edtimo Le ofrecemos equipos de se\u00f1alizaci\u00f3n de socorro de alta calidad que garantizan de forma fiable su seguridad en el mar en caso de emergencia. Descubra nuestros productos y conf\u00ede en nosotros para garantizar su seguridad en el agua. Venta Somos un proveedor autorizado de se\u00f1ales pirot\u00e9cnicas de socorro [&hellip;]<\/p>\n","protected":false},"author":1,"featured_media":0,"parent":0,"menu_order":0,"comment_status":"closed","ping_status":"closed","template":"","meta":{"site-sidebar-layout":"no-sidebar","site-content-layout":"page-builder","ast-site-content-layout":"default","site-content-style":"default","site-sidebar-style":"default","ast-global-header-display":"","ast-banner-title-visibility":"","ast-main-header-display":"","ast-hfb-above-header-display":"","ast-hfb-below-header-display":"","ast-hfb-mobile-header-display":"","site-post-title":"disabled","ast-breadcrumbs-content":"","ast-featured-img":"disabled","footer-sml-layout":"","theme-transparent-header-meta":"","adv-header-id-meta":"","stick-header-meta":"","header-above-stick-meta":"","header-main-stick-meta":"","header-below-stick-meta":"","astra-migrate-meta-layouts":"default","ast-page-background-enabled":"default","ast-page-background-meta":{"desktop":{"background-color":"var(--ast-global-color-4)","background-image":"","background-repeat":"repeat","background-position":"center center","background-size":"auto","background-attachment":"scroll","background-type":"","background-media":"","overlay-type":"","overlay-color":"","overlay-opacity":"","overlay-gradient":""},"tablet":{"background-color":"","background-image":"","background-repeat":"repeat","background-position":"center center","background-size":"auto","background-attachment":"scroll","background-type":"","background-media":"","overlay-type":"","overlay-color":"","overlay-opacity":"","overlay-gradient":""},"mobile":{"background-color":"","background-image":"","background-repeat":"repeat","background-position":"center center","background-size":"auto","background-attachment":"scroll","background-type":"","background-media":"","overlay-type":"","overlay-color":"","overlay-opacity":"","overlay-gradient":""}},"ast-content-background-meta":{"desktop":{"background-color":"var(--ast-global-color-5)","background-image":"","background-repeat":"repeat","background-position":"center center","background-size":"auto","background-attachment":"scroll","background-type":"","background-media":"","overlay-type":"","overlay-color":"","overlay-opacity":"","overlay-gradient":""},"tablet":{"background-color":"var(--ast-global-color-5)","background-image":"","background-repeat":"repeat","background-position":"center center","background-size":"auto","background-attachment":"scroll","background-type":"","background-media":"","overlay-type":"","overlay-color":"","overlay-opacity":"","overlay-gradient":""},"mobile":{"background-color":"var(--ast-global-color-5)","background-image":"","background-repeat":"repeat","background-position":"center center","background-size":"auto","background-attachment":"scroll","background-type":"","background-media":"","overlay-type":"","overlay-color":"","overlay-opacity":"","overlay-gradient":""}},"footnotes":""},"class_list":["post-2492","page","type-page","status-publish","hentry"],"yoast_head":"<!-- This site is optimized with the Yoast SEO plugin v25.6 - https:\/\/yoast.com\/wordpress\/plugins\/seo\/ -->\n<title>Pirotecnia - Rebecca Yachting<\/title>\n<meta name=\"robots\" content=\"index, follow, max-snippet:-1, max-image-preview:large, max-video-preview:-1\" \/>\n<link rel=\"canonical\" href=\"https:\/\/rebecca-yachting.de\/es\/pirotecnia\/\" \/>\n<meta property=\"og:locale\" content=\"es_ES\" \/>\n<meta property=\"og:type\" content=\"article\" \/>\n<meta property=\"og:title\" content=\"Pirotecnia - Rebecca Yachting\" \/>\n<meta property=\"og:description\" content=\"Venta de material pirot\u00e9cnico para salvamento mar\u00edtimo Le ofrecemos equipos de se\u00f1alizaci\u00f3n de socorro de alta calidad que garantizan de forma fiable su seguridad en el mar en caso de emergencia. Descubra nuestros productos y conf\u00ede en nosotros para garantizar su seguridad en el agua. Venta Somos un proveedor autorizado de se\u00f1ales pirot\u00e9cnicas de socorro [&hellip;]\" \/>\n<meta property=\"og:url\" content=\"https:\/\/rebecca-yachting.de\/es\/pirotecnia\/\" \/>\n<meta property=\"og:site_name\" content=\"Rebecca Yachting\" \/>\n<meta property=\"article:modified_time\" content=\"2023-09-12T09:17:41+00:00\" \/>\n<meta property=\"og:image\" content=\"http:\/\/rebecca-yachting.de\/wp-content\/uploads\/elementor\/thumbs\/pyro2-qa9ul91dhb7vazlprnrcj4hzghoeiiithpdndbouiw.jpg\" \/>\n<meta name=\"twitter:card\" content=\"summary_large_image\" \/>\n<meta name=\"twitter:label1\" content=\"Tiempo de lectura\" \/>\n\t<meta name=\"twitter:data1\" content=\"2 minutos\" \/>\n<script type=\"application\/ld+json\" class=\"yoast-schema-graph\">{\"@context\":\"https:\/\/schema.org\",\"@graph\":[{\"@type\":\"WebPage\",\"@id\":\"https:\/\/rebecca-yachting.de\/es\/pirotecnia\/\",\"url\":\"https:\/\/rebecca-yachting.de\/es\/pirotecnia\/\",\"name\":\"Pirotecnia - Rebecca Yachting\",\"isPartOf\":{\"@id\":\"https:\/\/rebecca-yachting.de\/es\/#website\"},\"primaryImageOfPage\":{\"@id\":\"https:\/\/rebecca-yachting.de\/es\/pirotecnia\/#primaryimage\"},\"image\":{\"@id\":\"https:\/\/rebecca-yachting.de\/es\/pirotecnia\/#primaryimage\"},\"thumbnailUrl\":\"http:\/\/rebecca-yachting.de\/wp-content\/uploads\/elementor\/thumbs\/pyro2-qa9ul91dhb7vazlprnrcj4hzghoeiiithpdndbouiw.jpg\",\"datePublished\":\"2023-08-01T11:32:46+00:00\",\"dateModified\":\"2023-09-12T09:17:41+00:00\",\"breadcrumb\":{\"@id\":\"https:\/\/rebecca-yachting.de\/es\/pirotecnia\/#breadcrumb\"},\"inLanguage\":\"es\",\"potentialAction\":[{\"@type\":\"ReadAction\",\"target\":[\"https:\/\/rebecca-yachting.de\/es\/pirotecnia\/\"]}]},{\"@type\":\"ImageObject\",\"inLanguage\":\"es\",\"@id\":\"https:\/\/rebecca-yachting.de\/es\/pirotecnia\/#primaryimage\",\"url\":\"http:\/\/rebecca-yachting.de\/wp-content\/uploads\/elementor\/thumbs\/pyro2-qa9ul91dhb7vazlprnrcj4hzghoeiiithpdndbouiw.jpg\",\"contentUrl\":\"http:\/\/rebecca-yachting.de\/wp-content\/uploads\/elementor\/thumbs\/pyro2-qa9ul91dhb7vazlprnrcj4hzghoeiiithpdndbouiw.jpg\"},{\"@type\":\"BreadcrumbList\",\"@id\":\"https:\/\/rebecca-yachting.de\/es\/pirotecnia\/#breadcrumb\",\"itemListElement\":[{\"@type\":\"ListItem\",\"position\":1,\"name\":\"Startseite\",\"item\":\"https:\/\/rebecca-yachting.de\/es\/\"},{\"@type\":\"ListItem\",\"position\":2,\"name\":\"Pirotecnia\"}]},{\"@type\":\"WebSite\",\"@id\":\"https:\/\/rebecca-yachting.de\/es\/#website\",\"url\":\"https:\/\/rebecca-yachting.de\/es\/\",\"name\":\"Rebecca Yachting\",\"description\":\"Your Nautic Expert\",\"publisher\":{\"@id\":\"https:\/\/rebecca-yachting.de\/es\/#organization\"},\"potentialAction\":[{\"@type\":\"SearchAction\",\"target\":{\"@type\":\"EntryPoint\",\"urlTemplate\":\"https:\/\/rebecca-yachting.de\/es\/?s={search_term_string}\"},\"query-input\":{\"@type\":\"PropertyValueSpecification\",\"valueRequired\":true,\"valueName\":\"search_term_string\"}}],\"inLanguage\":\"es\"},{\"@type\":\"Organization\",\"@id\":\"https:\/\/rebecca-yachting.de\/es\/#organization\",\"name\":\"Rebecca Yachting\",\"url\":\"https:\/\/rebecca-yachting.de\/es\/\",\"logo\":{\"@type\":\"ImageObject\",\"inLanguage\":\"es\",\"@id\":\"https:\/\/rebecca-yachting.de\/es\/#\/schema\/logo\/image\/\",\"url\":\"http:\/\/rebecca-yachting.de\/wp-content\/uploads\/2023\/07\/rebecca-yachting.png\",\"contentUrl\":\"http:\/\/rebecca-yachting.de\/wp-content\/uploads\/2023\/07\/rebecca-yachting.png\",\"width\":158,\"height\":100,\"caption\":\"Rebecca Yachting\"},\"image\":{\"@id\":\"https:\/\/rebecca-yachting.de\/es\/#\/schema\/logo\/image\/\"}}]}<\/script>\n<!-- \/ Yoast SEO plugin. -->","yoast_head_json":{"title":"Pirotecnia - Rebecca Yachting","robots":{"index":"index","follow":"follow","max-snippet":"max-snippet:-1","max-image-preview":"max-image-preview:large","max-video-preview":"max-video-preview:-1"},"canonical":"https:\/\/rebecca-yachting.de\/es\/pirotecnia\/","og_locale":"es_ES","og_type":"article","og_title":"Pirotecnia - Rebecca Yachting","og_description":"Venta de material pirot\u00e9cnico para salvamento mar\u00edtimo Le ofrecemos equipos de se\u00f1alizaci\u00f3n de socorro de alta calidad que garantizan de forma fiable su seguridad en el mar en caso de emergencia. Descubra nuestros productos y conf\u00ede en nosotros para garantizar su seguridad en el agua. Venta Somos un proveedor autorizado de se\u00f1ales pirot\u00e9cnicas de socorro [&hellip;]","og_url":"https:\/\/rebecca-yachting.de\/es\/pirotecnia\/","og_site_name":"Rebecca Yachting","article_modified_time":"2023-09-12T09:17:41+00:00","og_image":[{"url":"http:\/\/rebecca-yachting.de\/wp-content\/uploads\/elementor\/thumbs\/pyro2-qa9ul91dhb7vazlprnrcj4hzghoeiiithpdndbouiw.jpg","type":"","width":"","height":""}],"twitter_card":"summary_large_image","twitter_misc":{"Tiempo de lectura":"2 minutos"},"schema":{"@context":"https:\/\/schema.org","@graph":[{"@type":"WebPage","@id":"https:\/\/rebecca-yachting.de\/es\/pirotecnia\/","url":"https:\/\/rebecca-yachting.de\/es\/pirotecnia\/","name":"Pirotecnia - Rebecca Yachting","isPartOf":{"@id":"https:\/\/rebecca-yachting.de\/es\/#website"},"primaryImageOfPage":{"@id":"https:\/\/rebecca-yachting.de\/es\/pirotecnia\/#primaryimage"},"image":{"@id":"https:\/\/rebecca-yachting.de\/es\/pirotecnia\/#primaryimage"},"thumbnailUrl":"http:\/\/rebecca-yachting.de\/wp-content\/uploads\/elementor\/thumbs\/pyro2-qa9ul91dhb7vazlprnrcj4hzghoeiiithpdndbouiw.jpg","datePublished":"2023-08-01T11:32:46+00:00","dateModified":"2023-09-12T09:17:41+00:00","breadcrumb":{"@id":"https:\/\/rebecca-yachting.de\/es\/pirotecnia\/#breadcrumb"},"inLanguage":"es","potentialAction":[{"@type":"ReadAction","target":["https:\/\/rebecca-yachting.de\/es\/pirotecnia\/"]}]},{"@type":"ImageObject","inLanguage":"es","@id":"https:\/\/rebecca-yachting.de\/es\/pirotecnia\/#primaryimage","url":"http:\/\/rebecca-yachting.de\/wp-content\/uploads\/elementor\/thumbs\/pyro2-qa9ul91dhb7vazlprnrcj4hzghoeiiithpdndbouiw.jpg","contentUrl":"http:\/\/rebecca-yachting.de\/wp-content\/uploads\/elementor\/thumbs\/pyro2-qa9ul91dhb7vazlprnrcj4hzghoeiiithpdndbouiw.jpg"},{"@type":"BreadcrumbList","@id":"https:\/\/rebecca-yachting.de\/es\/pirotecnia\/#breadcrumb","itemListElement":[{"@type":"ListItem","position":1,"name":"Startseite","item":"https:\/\/rebecca-yachting.de\/es\/"},{"@type":"ListItem","position":2,"name":"Pirotecnia"}]},{"@type":"WebSite","@id":"https:\/\/rebecca-yachting.de\/es\/#website","url":"https:\/\/rebecca-yachting.de\/es\/","name":"Rebecca Yachting","description":"Your Nautic Expert","publisher":{"@id":"https:\/\/rebecca-yachting.de\/es\/#organization"},"potentialAction":[{"@type":"SearchAction","target":{"@type":"EntryPoint","urlTemplate":"https:\/\/rebecca-yachting.de\/es\/?s={search_term_string}"},"query-input":{"@type":"PropertyValueSpecification","valueRequired":true,"valueName":"search_term_string"}}],"inLanguage":"es"},{"@type":"Organization","@id":"https:\/\/rebecca-yachting.de\/es\/#organization","name":"Rebecca Yachting","url":"https:\/\/rebecca-yachting.de\/es\/","logo":{"@type":"ImageObject","inLanguage":"es","@id":"https:\/\/rebecca-yachting.de\/es\/#\/schema\/logo\/image\/","url":"http:\/\/rebecca-yachting.de\/wp-content\/uploads\/2023\/07\/rebecca-yachting.png","contentUrl":"http:\/\/rebecca-yachting.de\/wp-content\/uploads\/2023\/07\/rebecca-yachting.png","width":158,"height":100,"caption":"Rebecca Yachting"},"image":{"@id":"https:\/\/rebecca-yachting.de\/es\/#\/schema\/logo\/image\/"}}]}},"jetpack_sharing_enabled":true,"_links":{"self":[{"href":"https:\/\/rebecca-yachting.de\/es\/wp-json\/wp\/v2\/pages\/2492","targetHints":{"allow":["GET"]}}],"collection":[{"href":"https:\/\/rebecca-yachting.de\/es\/wp-json\/wp\/v2\/pages"}],"about":[{"href":"https:\/\/rebecca-yachting.de\/es\/wp-json\/wp\/v2\/types\/page"}],"author":[{"embeddable":true,"href":"https:\/\/rebecca-yachting.de\/es\/wp-json\/wp\/v2\/users\/1"}],"replies":[{"embeddable":true,"href":"https:\/\/rebecca-yachting.de\/es\/wp-json\/wp\/v2\/comments?post=2492"}],"version-history":[{"count":5,"href":"https:\/\/rebecca-yachting.de\/es\/wp-json\/wp\/v2\/pages\/2492\/revisions"}],"predecessor-version":[{"id":2935,"href":"https:\/\/rebecca-yachting.de\/es\/wp-json\/wp\/v2\/pages\/2492\/revisions\/2935"}],"wp:attachment":[{"href":"https:\/\/rebecca-yachting.de\/es\/wp-json\/wp\/v2\/media?parent=2492"}],"curies":[{"name":"wp","href":"https:\/\/api.w.org\/{rel}","templated":true}]}}