{"id":2417,"date":"2023-07-28T12:55:43","date_gmt":"2023-07-28T11:55:43","guid":{"rendered":"http:\/\/rebecca-yachting.de\/pie-de-imprenta\/"},"modified":"2023-09-02T18:41:05","modified_gmt":"2023-09-02T17:41:05","slug":"pie-de-imprenta","status":"publish","type":"page","link":"https:\/\/rebecca-yachting.de\/es\/pie-de-imprenta\/","title":{"rendered":"Pie de imprenta"},"content":{"rendered":"\t\t<div data-elementor-type=\"wp-page\" data-elementor-id=\"2417\" class=\"elementor elementor-2417 elementor-1596\" data-elementor-post-type=\"page\">\n\t\t\t\t\t\t<section class=\"elementor-section elementor-top-section elementor-element elementor-element-36bdae0 elementor-section-boxed elementor-section-height-default elementor-section-height-default\" data-id=\"36bdae0\" data-element_type=\"section\">\n\t\t\t\t\t\t<div class=\"elementor-container elementor-column-gap-default\">\n\t\t\t\t\t<div class=\"elementor-column elementor-col-100 elementor-top-column elementor-element elementor-element-f9f05df\" data-id=\"f9f05df\" data-element_type=\"column\">\n\t\t\t<div class=\"elementor-widget-wrap elementor-element-populated\">\n\t\t\t\t\t\t<div class=\"elementor-element elementor-element-6fed029 elementor-widget elementor-widget-heading\" data-id=\"6fed029\" data-element_type=\"widget\" data-widget_type=\"heading.default\">\n\t\t\t\t<div class=\"elementor-widget-container\">\n\t\t\t\t\t<h2 class=\"elementor-heading-title elementor-size-default\">Pie de imprenta<\/h2>\t\t\t\t<\/div>\n\t\t\t\t<\/div>\n\t\t\t\t\t<\/div>\n\t\t<\/div>\n\t\t\t\t\t<\/div>\n\t\t<\/section>\n\t\t\t\t<section class=\"elementor-section elementor-top-section elementor-element elementor-element-db3ad64 elementor-section-boxed elementor-section-height-default elementor-section-height-default\" data-id=\"db3ad64\" data-element_type=\"section\">\n\t\t\t\t\t\t<div class=\"elementor-container elementor-column-gap-default\">\n\t\t\t\t\t<div class=\"elementor-column elementor-col-100 elementor-top-column elementor-element elementor-element-43b4287\" data-id=\"43b4287\" data-element_type=\"column\">\n\t\t\t<div class=\"elementor-widget-wrap elementor-element-populated\">\n\t\t\t\t\t\t<div class=\"elementor-element elementor-element-59e346a elementor-widget elementor-widget-text-editor\" data-id=\"59e346a\" data-element_type=\"widget\" data-widget_type=\"text-editor.default\">\n\t\t\t\t<div class=\"elementor-widget-container\">\n\t\t\t\t\t\t\t\t\t<p>Rebecca Yachting, Marca registrada de Jens Riegel Yacht Service SL<br \/><span style=\"color: #000000; text-align: center;\">Calle Can Valero, 11 &#8211; Pol. Can Valero &#8211; 07011 Palma de Mallorca (Islas Baleares)<\/span><\/p>\n<p><span style=\"color: #000000; text-align: center;\"> <\/span><\/p>\n<h2>Contacto<\/h2>\n<p>Tel\u00e9fono: (+34) 971 200 317<br \/>Correo electr\u00f3nico: info@rebecca-yachting.com<\/p>\n<h2>CIF<\/h2>\n<p>N\u00famero de identificaci\u00f3n a efectos del IVA:<br \/>B16606329<\/p>\n<h2>Resoluci\u00f3n de litigios en materia de consumo\/Junta Arbitral Universal<\/h2>\n<p>No estamos dispuestos ni obligados a participar en procedimientos de resoluci\u00f3n de litigios ante una junta arbitral de consumo.<\/p>\n\t\t\t\t\t\t\t\t<\/div>\n\t\t\t\t<\/div>\n\t\t\t\t\t<\/div>\n\t\t<\/div>\n\t\t\t\t\t<\/div>\n\t\t<\/section>\n\t\t\t\t<\/div>\n\t\t","protected":false},"excerpt":{"rendered":"<p>Pie de imprenta Rebecca Yachting, Marca registrada de Jens Riegel Yacht Service SLCalle Can Valero, 11 &#8211; Pol. Can Valero &#8211; 07011 Palma de Mallorca (Islas Baleares) Contacto Tel\u00e9fono: (+34) 971 200 317Correo electr\u00f3nico: info@rebecca-yachting.com CIF N\u00famero de identificaci\u00f3n a efectos del IVA:B16606329 Resoluci\u00f3n de litigios en materia de consumo\/Junta Arbitral Universal No estamos dispuestos [&hellip;]<\/p>\n","protected":false},"author":1,"featured_media":0,"parent":0,"menu_order":0,"comment_status":"closed","ping_status":"closed","template":"","meta":{"site-sidebar-layout":"no-sidebar","site-content-layout":"page-builder","ast-site-content-layout":"default","site-content-style":"default","site-sidebar-style":"default","ast-global-header-display":"","ast-banner-title-visibility":"","ast-main-header-display":"","ast-hfb-above-header-display":"","ast-hfb-below-header-display":"","ast-hfb-mobile-header-display":"","site-post-title":"disabled","ast-breadcrumbs-content":"","ast-featured-img":"disabled","footer-sml-layout":"","theme-transparent-header-meta":"","adv-header-id-meta":"","stick-header-meta":"","header-above-stick-meta":"","header-main-stick-meta":"","header-below-stick-meta":"","astra-migrate-meta-layouts":"default","ast-page-background-enabled":"default","ast-page-background-meta":{"desktop":{"background-color":"var(--ast-global-color-4)","background-image":"","background-repeat":"repeat","background-position":"center center","background-size":"auto","background-attachment":"scroll","background-type":"","background-media":"","overlay-type":"","overlay-color":"","overlay-opacity":"","overlay-gradient":""},"tablet":{"background-color":"","background-image":"","background-repeat":"repeat","background-position":"center center","background-size":"auto","background-attachment":"scroll","background-type":"","background-media":"","overlay-type":"","overlay-color":"","overlay-opacity":"","overlay-gradient":""},"mobile":{"background-color":"","background-image":"","background-repeat":"repeat","background-position":"center center","background-size":"auto","background-attachment":"scroll","background-type":"","background-media":"","overlay-type":"","overlay-color":"","overlay-opacity":"","overlay-gradient":""}},"ast-content-background-meta":{"desktop":{"background-color":"var(--ast-global-color-5)","background-image":"","background-repeat":"repeat","background-position":"center center","background-size":"auto","background-attachment":"scroll","background-type":"","background-media":"","overlay-type":"","overlay-color":"","overlay-opacity":"","overlay-gradient":""},"tablet":{"background-color":"var(--ast-global-color-5)","background-image":"","background-repeat":"repeat","background-position":"center center","background-size":"auto","background-attachment":"scroll","background-type":"","background-media":"","overlay-type":"","overlay-color":"","overlay-opacity":"","overlay-gradient":""},"mobile":{"background-color":"var(--ast-global-color-5)","background-image":"","background-repeat":"repeat","background-position":"center center","background-size":"auto","background-attachment":"scroll","background-type":"","background-media":"","overlay-type":"","overlay-color":"","overlay-opacity":"","overlay-gradient":""}},"footnotes":""},"class_list":["post-2417","page","type-page","status-publish","hentry"],"yoast_head":"<!-- This site is optimized with the Yoast SEO plugin v25.6 - https:\/\/yoast.com\/wordpress\/plugins\/seo\/ -->\n<title>Pie de imprenta - Rebecca Yachting<\/title>\n<meta name=\"robots\" content=\"index, nofollow, max-snippet:-1, max-image-preview:large, max-video-preview:-1\" \/>\n<link rel=\"canonical\" href=\"https:\/\/rebecca-yachting.de\/es\/pie-de-imprenta\/\" \/>\n<meta property=\"og:locale\" content=\"es_ES\" \/>\n<meta property=\"og:type\" content=\"article\" \/>\n<meta property=\"og:title\" content=\"Pie de imprenta - Rebecca Yachting\" \/>\n<meta property=\"og:description\" content=\"Pie de imprenta Rebecca Yachting, Marca registrada de Jens Riegel Yacht Service SLCalle Can Valero, 11 &#8211; Pol. Can Valero &#8211; 07011 Palma de Mallorca (Islas Baleares) Contacto Tel\u00e9fono: (+34) 971 200 317Correo electr\u00f3nico: info@rebecca-yachting.com CIF N\u00famero de identificaci\u00f3n a efectos del IVA:B16606329 Resoluci\u00f3n de litigios en materia de consumo\/Junta Arbitral Universal No estamos dispuestos [&hellip;]\" \/>\n<meta property=\"og:url\" content=\"https:\/\/rebecca-yachting.de\/es\/pie-de-imprenta\/\" \/>\n<meta property=\"og:site_name\" content=\"Rebecca Yachting\" \/>\n<meta property=\"article:modified_time\" content=\"2023-09-02T17:41:05+00:00\" \/>\n<meta name=\"twitter:card\" content=\"summary_large_image\" \/>\n<script type=\"application\/ld+json\" class=\"yoast-schema-graph\">{\"@context\":\"https:\/\/schema.org\",\"@graph\":[{\"@type\":\"WebPage\",\"@id\":\"https:\/\/rebecca-yachting.de\/es\/pie-de-imprenta\/\",\"url\":\"https:\/\/rebecca-yachting.de\/es\/pie-de-imprenta\/\",\"name\":\"Pie de imprenta - Rebecca Yachting\",\"isPartOf\":{\"@id\":\"https:\/\/rebecca-yachting.de\/es\/#website\"},\"datePublished\":\"2023-07-28T11:55:43+00:00\",\"dateModified\":\"2023-09-02T17:41:05+00:00\",\"breadcrumb\":{\"@id\":\"https:\/\/rebecca-yachting.de\/es\/pie-de-imprenta\/#breadcrumb\"},\"inLanguage\":\"es\",\"potentialAction\":[{\"@type\":\"ReadAction\",\"target\":[\"https:\/\/rebecca-yachting.de\/es\/pie-de-imprenta\/\"]}]},{\"@type\":\"BreadcrumbList\",\"@id\":\"https:\/\/rebecca-yachting.de\/es\/pie-de-imprenta\/#breadcrumb\",\"itemListElement\":[{\"@type\":\"ListItem\",\"position\":1,\"name\":\"Startseite\",\"item\":\"https:\/\/rebecca-yachting.de\/es\/\"},{\"@type\":\"ListItem\",\"position\":2,\"name\":\"Pie de imprenta\"}]},{\"@type\":\"WebSite\",\"@id\":\"https:\/\/rebecca-yachting.de\/es\/#website\",\"url\":\"https:\/\/rebecca-yachting.de\/es\/\",\"name\":\"Rebecca Yachting\",\"description\":\"Your Nautic Expert\",\"publisher\":{\"@id\":\"https:\/\/rebecca-yachting.de\/es\/#organization\"},\"potentialAction\":[{\"@type\":\"SearchAction\",\"target\":{\"@type\":\"EntryPoint\",\"urlTemplate\":\"https:\/\/rebecca-yachting.de\/es\/?s={search_term_string}\"},\"query-input\":{\"@type\":\"PropertyValueSpecification\",\"valueRequired\":true,\"valueName\":\"search_term_string\"}}],\"inLanguage\":\"es\"},{\"@type\":\"Organization\",\"@id\":\"https:\/\/rebecca-yachting.de\/es\/#organization\",\"name\":\"Rebecca Yachting\",\"url\":\"https:\/\/rebecca-yachting.de\/es\/\",\"logo\":{\"@type\":\"ImageObject\",\"inLanguage\":\"es\",\"@id\":\"https:\/\/rebecca-yachting.de\/es\/#\/schema\/logo\/image\/\",\"url\":\"http:\/\/rebecca-yachting.de\/wp-content\/uploads\/2023\/07\/rebecca-yachting.png\",\"contentUrl\":\"http:\/\/rebecca-yachting.de\/wp-content\/uploads\/2023\/07\/rebecca-yachting.png\",\"width\":158,\"height\":100,\"caption\":\"Rebecca Yachting\"},\"image\":{\"@id\":\"https:\/\/rebecca-yachting.de\/es\/#\/schema\/logo\/image\/\"}}]}<\/script>\n<!-- \/ Yoast SEO plugin. -->","yoast_head_json":{"title":"Pie de imprenta - Rebecca Yachting","robots":{"index":"index","follow":"nofollow","max-snippet":"max-snippet:-1","max-image-preview":"max-image-preview:large","max-video-preview":"max-video-preview:-1"},"canonical":"https:\/\/rebecca-yachting.de\/es\/pie-de-imprenta\/","og_locale":"es_ES","og_type":"article","og_title":"Pie de imprenta - Rebecca Yachting","og_description":"Pie de imprenta Rebecca Yachting, Marca registrada de Jens Riegel Yacht Service SLCalle Can Valero, 11 &#8211; Pol. Can Valero &#8211; 07011 Palma de Mallorca (Islas Baleares) Contacto Tel\u00e9fono: (+34) 971 200 317Correo electr\u00f3nico: info@rebecca-yachting.com CIF N\u00famero de identificaci\u00f3n a efectos del IVA:B16606329 Resoluci\u00f3n de litigios en materia de consumo\/Junta Arbitral Universal No estamos dispuestos [&hellip;]","og_url":"https:\/\/rebecca-yachting.de\/es\/pie-de-imprenta\/","og_site_name":"Rebecca Yachting","article_modified_time":"2023-09-02T17:41:05+00:00","twitter_card":"summary_large_image","schema":{"@context":"https:\/\/schema.org","@graph":[{"@type":"WebPage","@id":"https:\/\/rebecca-yachting.de\/es\/pie-de-imprenta\/","url":"https:\/\/rebecca-yachting.de\/es\/pie-de-imprenta\/","name":"Pie de imprenta - Rebecca Yachting","isPartOf":{"@id":"https:\/\/rebecca-yachting.de\/es\/#website"},"datePublished":"2023-07-28T11:55:43+00:00","dateModified":"2023-09-02T17:41:05+00:00","breadcrumb":{"@id":"https:\/\/rebecca-yachting.de\/es\/pie-de-imprenta\/#breadcrumb"},"inLanguage":"es","potentialAction":[{"@type":"ReadAction","target":["https:\/\/rebecca-yachting.de\/es\/pie-de-imprenta\/"]}]},{"@type":"BreadcrumbList","@id":"https:\/\/rebecca-yachting.de\/es\/pie-de-imprenta\/#breadcrumb","itemListElement":[{"@type":"ListItem","position":1,"name":"Startseite","item":"https:\/\/rebecca-yachting.de\/es\/"},{"@type":"ListItem","position":2,"name":"Pie de imprenta"}]},{"@type":"WebSite","@id":"https:\/\/rebecca-yachting.de\/es\/#website","url":"https:\/\/rebecca-yachting.de\/es\/","name":"Rebecca Yachting","description":"Your Nautic Expert","publisher":{"@id":"https:\/\/rebecca-yachting.de\/es\/#organization"},"potentialAction":[{"@type":"SearchAction","target":{"@type":"EntryPoint","urlTemplate":"https:\/\/rebecca-yachting.de\/es\/?s={search_term_string}"},"query-input":{"@type":"PropertyValueSpecification","valueRequired":true,"valueName":"search_term_string"}}],"inLanguage":"es"},{"@type":"Organization","@id":"https:\/\/rebecca-yachting.de\/es\/#organization","name":"Rebecca Yachting","url":"https:\/\/rebecca-yachting.de\/es\/","logo":{"@type":"ImageObject","inLanguage":"es","@id":"https:\/\/rebecca-yachting.de\/es\/#\/schema\/logo\/image\/","url":"http:\/\/rebecca-yachting.de\/wp-content\/uploads\/2023\/07\/rebecca-yachting.png","contentUrl":"http:\/\/rebecca-yachting.de\/wp-content\/uploads\/2023\/07\/rebecca-yachting.png","width":158,"height":100,"caption":"Rebecca Yachting"},"image":{"@id":"https:\/\/rebecca-yachting.de\/es\/#\/schema\/logo\/image\/"}}]}},"jetpack_sharing_enabled":true,"_links":{"self":[{"href":"https:\/\/rebecca-yachting.de\/es\/wp-json\/wp\/v2\/pages\/2417","targetHints":{"allow":["GET"]}}],"collection":[{"href":"https:\/\/rebecca-yachting.de\/es\/wp-json\/wp\/v2\/pages"}],"about":[{"href":"https:\/\/rebecca-yachting.de\/es\/wp-json\/wp\/v2\/types\/page"}],"author":[{"embeddable":true,"href":"https:\/\/rebecca-yachting.de\/es\/wp-json\/wp\/v2\/users\/1"}],"replies":[{"embeddable":true,"href":"https:\/\/rebecca-yachting.de\/es\/wp-json\/wp\/v2\/comments?post=2417"}],"version-history":[{"count":3,"href":"https:\/\/rebecca-yachting.de\/es\/wp-json\/wp\/v2\/pages\/2417\/revisions"}],"predecessor-version":[{"id":2422,"href":"https:\/\/rebecca-yachting.de\/es\/wp-json\/wp\/v2\/pages\/2417\/revisions\/2422"}],"wp:attachment":[{"href":"https:\/\/rebecca-yachting.de\/es\/wp-json\/wp\/v2\/media?parent=2417"}],"curies":[{"name":"wp","href":"https:\/\/api.w.org\/{rel}","templated":true}]}}