{"id":3397,"date":"2025-03-25T10:29:42","date_gmt":"2025-03-25T09:29:42","guid":{"rendered":"https:\/\/rebecca-yachting.de\/product\/aquaspirit-s350-aluminium-rib\/"},"modified":"2025-03-25T13:28:41","modified_gmt":"2025-03-25T12:28:41","slug":"aquaspirit-s350-aluminium-rib","status":"publish","type":"product","link":"https:\/\/rebecca-yachting.de\/de\/produkt\/aquaspirit-s350-aluminium-rib\/","title":{"rendered":"AquaSpirit S350 Aluminium-RIB"},"content":{"rendered":"<div id=\"bgLayers_comp-lc0m9grp\" class=\"MW5IWV\" data-hook=\"bgLayers\" data-motion-part=\"BG_LAYER comp-lc0m9grp\">\n<div id=\"bgMedia_comp-lc0m9grp\" class=\"VgO9Yg\" data-motion-part=\"BG_MEDIA comp-lc0m9grp\">\n<h2 data-start=\"297\" data-end=\"355\"><strong data-start=\"301\" data-end=\"355\">AquaSpirit S350 &#8211; Kompakter, sicherer und lizenzfreier Spa\u00df<\/strong><\/h2>\n<p>&nbsp;<\/p>\n<\/div>\n<p class=\"\" data-start=\"357\" data-end=\"513\">Die <strong data-start=\"361\" data-end=\"380\">AquaSpirit S350<\/strong> ist in zwei intelligenten Konfigurationen erh\u00e4ltlich, die auf Ihre Bed\u00fcrfnisse zugeschnitten sind &#8211; beide kompakt, leicht und ideal als Hauptboot oder Beiboot.<\/p>\n<h3 data-start=\"515\" data-end=\"564\">\u2705 <strong data-start=\"522\" data-end=\"564\">S350C &#8211; Mit Seitenkonsole und Sitzbank<\/strong><\/h3>\n<p class=\"\" data-start=\"565\" data-end=\"840\">Das <strong data-start=\"569\" data-end=\"578\">S350C<\/strong> verf\u00fcgt \u00fcber eine seitlich angebrachte Steuerkonsole und eine Sitzbank f\u00fcr zwei Passagiere. Angetrieben von einem 15-PS-Motor erreicht es Geschwindigkeiten von bis zu <strong data-start=\"707\" data-end=\"718\">40 km\/h<\/strong> und bleibt in vielen L\u00e4ndern <strong data-start=\"735\" data-end=\"751\">f\u00fchrerscheinfrei<\/strong> &#8211; damit ist es die ideale Wahl f\u00fcr Anf\u00e4nger und Wassersport-Neulinge.<\/p>\n<p class=\"\" data-start=\"842\" data-end=\"976\">Dank der <strong data-start=\"852\" data-end=\"888\">Schlepp\u00f6sen an Bug und Heck<\/strong> eignet sich die S350C auch perfekt als gr\u00f6\u00dferer <strong data-start=\"937\" data-end=\"975\">Tender f\u00fcr Segel- oder Motoryachten<\/strong>.<\/p>\n<h3 data-start=\"978\" data-end=\"1033\">\u2705 <strong data-start=\"985\" data-end=\"1033\">S350SC &#8211; Mit Mittelkonsole und Jetski-Feeling<\/strong><\/h3>\n<p class=\"\" data-start=\"1034\" data-end=\"1386\">Das <strong data-start=\"1038\" data-end=\"1047\">S350SC<\/strong> ist mit einer zentralen Konsole im &#8222;Bob-Stil&#8220; und einer Sitzbank f\u00fcr zwei Personen ausgestattet. Er bietet ein einzigartiges <strong data-start=\"1140\" data-end=\"1182\">Fahrgef\u00fchl, \u00e4hnlich wie ein Jetski<\/strong>, kombiniert mit der Stabilit\u00e4t und Sicherheit eines RIB. Das Layout ist vor allem bei <strong data-start=\"1257\" data-end=\"1276\">Segelschulen<\/strong> sehr beliebt, da es den Ausbildern erlaubt, den Sch\u00fclern bei Man\u00f6vern zu helfen oder sie zur\u00fcck ins Boot zu bringen.<\/p>\n<p class=\"\" data-start=\"1388\" data-end=\"1500\">Beide Modelle vereinen <strong data-start=\"1408\" data-end=\"1422\">Langlebigkeit<\/strong>, <strong data-start=\"1424\" data-end=\"1444\">einfache Handhabung<\/strong> und <strong data-start=\"1450\" data-end=\"1466\">intelligentes Design<\/strong> in einem kompakten, zuverl\u00e4ssigen Paket.<\/p>\n<p data-start=\"695\" data-end=\"784\">\n<\/div>\n<p>&nbsp;<\/p>\n","protected":false},"excerpt":{"rendered":"<p><strong data-start=\"218\" data-end=\"272\">AquaSpirit S450 &#8211; Ihr ultimatives Allround-RIB-Boot<\/strong><\/p>\n","protected":false},"featured_media":3463,"comment_status":"closed","ping_status":"closed","template":"","meta":{"site-sidebar-layout":"default","site-content-layout":"","ast-site-content-layout":"default","site-content-style":"default","site-sidebar-style":"default","ast-global-header-display":"","ast-banner-title-visibility":"","ast-main-header-display":"","ast-hfb-above-header-display":"","ast-hfb-below-header-display":"","ast-hfb-mobile-header-display":"","site-post-title":"","ast-breadcrumbs-content":"","ast-featured-img":"","footer-sml-layout":"","theme-transparent-header-meta":"default","adv-header-id-meta":"","stick-header-meta":"","header-above-stick-meta":"","header-main-stick-meta":"","header-below-stick-meta":"","astra-migrate-meta-layouts":"set","ast-page-background-enabled":"default","ast-page-background-meta":{"desktop":{"background-color":"var(--ast-global-color-4)","background-image":"","background-repeat":"repeat","background-position":"center center","background-size":"auto","background-attachment":"scroll","background-type":"","background-media":"","overlay-type":"","overlay-color":"","overlay-opacity":"","overlay-gradient":""},"tablet":{"background-color":"","background-image":"","background-repeat":"repeat","background-position":"center center","background-size":"auto","background-attachment":"scroll","background-type":"","background-media":"","overlay-type":"","overlay-color":"","overlay-opacity":"","overlay-gradient":""},"mobile":{"background-color":"","background-image":"","background-repeat":"repeat","background-position":"center center","background-size":"auto","background-attachment":"scroll","background-type":"","background-media":"","overlay-type":"","overlay-color":"","overlay-opacity":"","overlay-gradient":""}},"ast-content-background-meta":{"desktop":{"background-color":"var(--ast-global-color-5)","background-image":"","background-repeat":"repeat","background-position":"center center","background-size":"auto","background-attachment":"scroll","background-type":"","background-media":"","overlay-type":"","overlay-color":"","overlay-opacity":"","overlay-gradient":""},"tablet":{"background-color":"var(--ast-global-color-5)","background-image":"","background-repeat":"repeat","background-position":"center center","background-size":"auto","background-attachment":"scroll","background-type":"","background-media":"","overlay-type":"","overlay-color":"","overlay-opacity":"","overlay-gradient":""},"mobile":{"background-color":"var(--ast-global-color-5)","background-image":"","background-repeat":"repeat","background-position":"center center","background-size":"auto","background-attachment":"scroll","background-type":"","background-media":"","overlay-type":"","overlay-color":"","overlay-opacity":"","overlay-gradient":""}}},"product_brand":[],"product_cat":[65,63],"product_tag":[],"class_list":{"0":"post-3397","1":"product","2":"type-product","3":"status-publish","4":"has-post-thumbnail","6":"product_cat-aluminium-ribs-de","7":"product_cat-boote","8":"desktop-align-left","9":"tablet-align-left","10":"mobile-align-left","12":"first","13":"instock","14":"taxable","15":"shipping-taxable","16":"product-type-simple"},"yoast_head":"<!-- This site is optimized with the Yoast SEO plugin v25.6 - https:\/\/yoast.com\/wordpress\/plugins\/seo\/ -->\n<title>Aquaspirit S350 - Aluminium RIB | Rebecca Yachting<\/title>\n<meta name=\"description\" content=\"Entdecken Sie die AquaSpirit S350 - erh\u00e4ltlich mit Seiten- oder Mittelkonsole. Bis zu 40 km\/h mit 15 PS. F\u00fchrerscheinfrei &amp; ideal f\u00fcr Anf\u00e4nger oder als Beiboot f\u00fcr Yachten.\" \/>\n<meta name=\"robots\" content=\"index, follow, max-snippet:-1, max-image-preview:large, max-video-preview:-1\" \/>\n<link rel=\"canonical\" href=\"https:\/\/rebecca-yachting.de\/de\/produkt\/aquaspirit-s350-aluminium-rib\/\" \/>\n<meta property=\"og:locale\" content=\"de_DE\" \/>\n<meta property=\"og:type\" content=\"article\" \/>\n<meta property=\"og:title\" content=\"Aquaspirit S350 - Aluminium RIB | Rebecca Yachting\" \/>\n<meta property=\"og:description\" content=\"Entdecken Sie die AquaSpirit S350 - erh\u00e4ltlich mit Seiten- oder Mittelkonsole. Bis zu 40 km\/h mit 15 PS. F\u00fchrerscheinfrei &amp; ideal f\u00fcr Anf\u00e4nger oder als Beiboot f\u00fcr Yachten.\" \/>\n<meta property=\"og:url\" content=\"https:\/\/rebecca-yachting.de\/de\/produkt\/aquaspirit-s350-aluminium-rib\/\" \/>\n<meta property=\"og:site_name\" content=\"Rebecca Yachting\" \/>\n<meta property=\"article:modified_time\" content=\"2025-03-25T12:28:41+00:00\" \/>\n<meta property=\"og:image\" content=\"http:\/\/rebecca-yachting.de\/wp-content\/uploads\/2025\/03\/Rebecca-Yachting-rib-5.png\" \/>\n\t<meta property=\"og:image:width\" content=\"2560\" \/>\n\t<meta property=\"og:image:height\" content=\"1440\" \/>\n\t<meta property=\"og:image:type\" content=\"image\/png\" \/>\n<meta name=\"twitter:card\" content=\"summary_large_image\" \/>\n<meta name=\"twitter:label1\" content=\"Gesch\u00e4tzte Lesezeit\" \/>\n\t<meta name=\"twitter:data1\" content=\"2\u00a0Minuten\" \/>\n<script type=\"application\/ld+json\" class=\"yoast-schema-graph\">{\"@context\":\"https:\/\/schema.org\",\"@graph\":[{\"@type\":\"WebPage\",\"@id\":\"https:\/\/rebecca-yachting.de\/de\/produkt\/aquaspirit-s350-aluminium-rib\/\",\"url\":\"https:\/\/rebecca-yachting.de\/de\/produkt\/aquaspirit-s350-aluminium-rib\/\",\"name\":\"Aquaspirit S350 - Aluminium RIB | Rebecca Yachting\",\"isPartOf\":{\"@id\":\"https:\/\/rebecca-yachting.de\/de\/#website\"},\"primaryImageOfPage\":{\"@id\":\"https:\/\/rebecca-yachting.de\/de\/produkt\/aquaspirit-s350-aluminium-rib\/#primaryimage\"},\"image\":{\"@id\":\"https:\/\/rebecca-yachting.de\/de\/produkt\/aquaspirit-s350-aluminium-rib\/#primaryimage\"},\"thumbnailUrl\":\"https:\/\/rebecca-yachting.de\/wp-content\/uploads\/2025\/03\/upload-54adc79c-f13c-4bce-b153-b1dff17e21e4.png\",\"datePublished\":\"2025-03-25T09:29:42+00:00\",\"dateModified\":\"2025-03-25T12:28:41+00:00\",\"description\":\"Entdecken Sie die AquaSpirit S350 - erh\u00e4ltlich mit Seiten- oder Mittelkonsole. Bis zu 40 km\/h mit 15 PS. F\u00fchrerscheinfrei & ideal f\u00fcr Anf\u00e4nger oder als Beiboot f\u00fcr Yachten.\",\"breadcrumb\":{\"@id\":\"https:\/\/rebecca-yachting.de\/de\/produkt\/aquaspirit-s350-aluminium-rib\/#breadcrumb\"},\"inLanguage\":\"de\",\"potentialAction\":[{\"@type\":\"ReadAction\",\"target\":[\"https:\/\/rebecca-yachting.de\/de\/produkt\/aquaspirit-s350-aluminium-rib\/\"]}]},{\"@type\":\"ImageObject\",\"inLanguage\":\"de\",\"@id\":\"https:\/\/rebecca-yachting.de\/de\/produkt\/aquaspirit-s350-aluminium-rib\/#primaryimage\",\"url\":\"https:\/\/rebecca-yachting.de\/wp-content\/uploads\/2025\/03\/upload-54adc79c-f13c-4bce-b153-b1dff17e21e4.png\",\"contentUrl\":\"https:\/\/rebecca-yachting.de\/wp-content\/uploads\/2025\/03\/upload-54adc79c-f13c-4bce-b153-b1dff17e21e4.png\",\"width\":1600,\"height\":745},{\"@type\":\"BreadcrumbList\",\"@id\":\"https:\/\/rebecca-yachting.de\/de\/produkt\/aquaspirit-s350-aluminium-rib\/#breadcrumb\",\"itemListElement\":[{\"@type\":\"ListItem\",\"position\":1,\"name\":\"Startseite\",\"item\":\"https:\/\/rebecca-yachting.de\/de\/\"},{\"@type\":\"ListItem\",\"position\":2,\"name\":\"Shop\",\"item\":\"https:\/\/rebecca-yachting.de\/de\/shop\/\"},{\"@type\":\"ListItem\",\"position\":3,\"name\":\"AquaSpirit S350 Aluminium-RIB\"}]},{\"@type\":\"WebSite\",\"@id\":\"https:\/\/rebecca-yachting.de\/de\/#website\",\"url\":\"https:\/\/rebecca-yachting.de\/de\/\",\"name\":\"Rebecca Yachting\",\"description\":\"Your Nautic Expert\",\"publisher\":{\"@id\":\"https:\/\/rebecca-yachting.de\/de\/#organization\"},\"potentialAction\":[{\"@type\":\"SearchAction\",\"target\":{\"@type\":\"EntryPoint\",\"urlTemplate\":\"https:\/\/rebecca-yachting.de\/de\/?s={search_term_string}\"},\"query-input\":{\"@type\":\"PropertyValueSpecification\",\"valueRequired\":true,\"valueName\":\"search_term_string\"}}],\"inLanguage\":\"de\"},{\"@type\":\"Organization\",\"@id\":\"https:\/\/rebecca-yachting.de\/de\/#organization\",\"name\":\"Rebecca Yachting\",\"url\":\"https:\/\/rebecca-yachting.de\/de\/\",\"logo\":{\"@type\":\"ImageObject\",\"inLanguage\":\"de\",\"@id\":\"https:\/\/rebecca-yachting.de\/de\/#\/schema\/logo\/image\/\",\"url\":\"http:\/\/rebecca-yachting.de\/wp-content\/uploads\/2023\/07\/rebecca-yachting.png\",\"contentUrl\":\"http:\/\/rebecca-yachting.de\/wp-content\/uploads\/2023\/07\/rebecca-yachting.png\",\"width\":158,\"height\":100,\"caption\":\"Rebecca Yachting\"},\"image\":{\"@id\":\"https:\/\/rebecca-yachting.de\/de\/#\/schema\/logo\/image\/\"}}]}<\/script>\n<!-- \/ Yoast SEO plugin. -->","yoast_head_json":{"title":"Aquaspirit S350 - Aluminium RIB | Rebecca Yachting","description":"Entdecken Sie die AquaSpirit S350 - erh\u00e4ltlich mit Seiten- oder Mittelkonsole. Bis zu 40 km\/h mit 15 PS. F\u00fchrerscheinfrei & ideal f\u00fcr Anf\u00e4nger oder als Beiboot f\u00fcr Yachten.","robots":{"index":"index","follow":"follow","max-snippet":"max-snippet:-1","max-image-preview":"max-image-preview:large","max-video-preview":"max-video-preview:-1"},"canonical":"https:\/\/rebecca-yachting.de\/de\/produkt\/aquaspirit-s350-aluminium-rib\/","og_locale":"de_DE","og_type":"article","og_title":"Aquaspirit S350 - Aluminium RIB | Rebecca Yachting","og_description":"Entdecken Sie die AquaSpirit S350 - erh\u00e4ltlich mit Seiten- oder Mittelkonsole. Bis zu 40 km\/h mit 15 PS. F\u00fchrerscheinfrei & ideal f\u00fcr Anf\u00e4nger oder als Beiboot f\u00fcr Yachten.","og_url":"https:\/\/rebecca-yachting.de\/de\/produkt\/aquaspirit-s350-aluminium-rib\/","og_site_name":"Rebecca Yachting","article_modified_time":"2025-03-25T12:28:41+00:00","og_image":[{"width":2560,"height":1440,"url":"http:\/\/rebecca-yachting.de\/wp-content\/uploads\/2025\/03\/Rebecca-Yachting-rib-5.png","type":"image\/png"}],"twitter_card":"summary_large_image","twitter_misc":{"Gesch\u00e4tzte Lesezeit":"2\u00a0Minuten"},"schema":{"@context":"https:\/\/schema.org","@graph":[{"@type":"WebPage","@id":"https:\/\/rebecca-yachting.de\/de\/produkt\/aquaspirit-s350-aluminium-rib\/","url":"https:\/\/rebecca-yachting.de\/de\/produkt\/aquaspirit-s350-aluminium-rib\/","name":"Aquaspirit S350 - Aluminium RIB | Rebecca Yachting","isPartOf":{"@id":"https:\/\/rebecca-yachting.de\/de\/#website"},"primaryImageOfPage":{"@id":"https:\/\/rebecca-yachting.de\/de\/produkt\/aquaspirit-s350-aluminium-rib\/#primaryimage"},"image":{"@id":"https:\/\/rebecca-yachting.de\/de\/produkt\/aquaspirit-s350-aluminium-rib\/#primaryimage"},"thumbnailUrl":"https:\/\/rebecca-yachting.de\/wp-content\/uploads\/2025\/03\/upload-54adc79c-f13c-4bce-b153-b1dff17e21e4.png","datePublished":"2025-03-25T09:29:42+00:00","dateModified":"2025-03-25T12:28:41+00:00","description":"Entdecken Sie die AquaSpirit S350 - erh\u00e4ltlich mit Seiten- oder Mittelkonsole. Bis zu 40 km\/h mit 15 PS. F\u00fchrerscheinfrei & ideal f\u00fcr Anf\u00e4nger oder als Beiboot f\u00fcr Yachten.","breadcrumb":{"@id":"https:\/\/rebecca-yachting.de\/de\/produkt\/aquaspirit-s350-aluminium-rib\/#breadcrumb"},"inLanguage":"de","potentialAction":[{"@type":"ReadAction","target":["https:\/\/rebecca-yachting.de\/de\/produkt\/aquaspirit-s350-aluminium-rib\/"]}]},{"@type":"ImageObject","inLanguage":"de","@id":"https:\/\/rebecca-yachting.de\/de\/produkt\/aquaspirit-s350-aluminium-rib\/#primaryimage","url":"https:\/\/rebecca-yachting.de\/wp-content\/uploads\/2025\/03\/upload-54adc79c-f13c-4bce-b153-b1dff17e21e4.png","contentUrl":"https:\/\/rebecca-yachting.de\/wp-content\/uploads\/2025\/03\/upload-54adc79c-f13c-4bce-b153-b1dff17e21e4.png","width":1600,"height":745},{"@type":"BreadcrumbList","@id":"https:\/\/rebecca-yachting.de\/de\/produkt\/aquaspirit-s350-aluminium-rib\/#breadcrumb","itemListElement":[{"@type":"ListItem","position":1,"name":"Startseite","item":"https:\/\/rebecca-yachting.de\/de\/"},{"@type":"ListItem","position":2,"name":"Shop","item":"https:\/\/rebecca-yachting.de\/de\/shop\/"},{"@type":"ListItem","position":3,"name":"AquaSpirit S350 Aluminium-RIB"}]},{"@type":"WebSite","@id":"https:\/\/rebecca-yachting.de\/de\/#website","url":"https:\/\/rebecca-yachting.de\/de\/","name":"Rebecca Yachting","description":"Your Nautic Expert","publisher":{"@id":"https:\/\/rebecca-yachting.de\/de\/#organization"},"potentialAction":[{"@type":"SearchAction","target":{"@type":"EntryPoint","urlTemplate":"https:\/\/rebecca-yachting.de\/de\/?s={search_term_string}"},"query-input":{"@type":"PropertyValueSpecification","valueRequired":true,"valueName":"search_term_string"}}],"inLanguage":"de"},{"@type":"Organization","@id":"https:\/\/rebecca-yachting.de\/de\/#organization","name":"Rebecca Yachting","url":"https:\/\/rebecca-yachting.de\/de\/","logo":{"@type":"ImageObject","inLanguage":"de","@id":"https:\/\/rebecca-yachting.de\/de\/#\/schema\/logo\/image\/","url":"http:\/\/rebecca-yachting.de\/wp-content\/uploads\/2023\/07\/rebecca-yachting.png","contentUrl":"http:\/\/rebecca-yachting.de\/wp-content\/uploads\/2023\/07\/rebecca-yachting.png","width":158,"height":100,"caption":"Rebecca Yachting"},"image":{"@id":"https:\/\/rebecca-yachting.de\/de\/#\/schema\/logo\/image\/"}}]}},"jetpack_sharing_enabled":true,"_links":{"self":[{"href":"https:\/\/rebecca-yachting.de\/de\/wp-json\/wp\/v2\/product\/3397","targetHints":{"allow":["GET"]}}],"collection":[{"href":"https:\/\/rebecca-yachting.de\/de\/wp-json\/wp\/v2\/product"}],"about":[{"href":"https:\/\/rebecca-yachting.de\/de\/wp-json\/wp\/v2\/types\/product"}],"replies":[{"embeddable":true,"href":"https:\/\/rebecca-yachting.de\/de\/wp-json\/wp\/v2\/comments?post=3397"}],"wp:featuredmedia":[{"embeddable":true,"href":"https:\/\/rebecca-yachting.de\/de\/wp-json\/wp\/v2\/media\/3463"}],"wp:attachment":[{"href":"https:\/\/rebecca-yachting.de\/de\/wp-json\/wp\/v2\/media?parent=3397"}],"wp:term":[{"taxonomy":"product_brand","embeddable":true,"href":"https:\/\/rebecca-yachting.de\/de\/wp-json\/wp\/v2\/product_brand?post=3397"},{"taxonomy":"product_cat","embeddable":true,"href":"https:\/\/rebecca-yachting.de\/de\/wp-json\/wp\/v2\/product_cat?post=3397"},{"taxonomy":"product_tag","embeddable":true,"href":"https:\/\/rebecca-yachting.de\/de\/wp-json\/wp\/v2\/product_tag?post=3397"}],"curies":[{"name":"wp","href":"https:\/\/api.w.org\/{rel}","templated":true}]}}