{"id":3380,"date":"2025-03-25T08:48:39","date_gmt":"2025-03-25T07:48:39","guid":{"rendered":"https:\/\/rebecca-yachting.de\/product\/aquaspirit-s370gt-aluminium-rib\/"},"modified":"2025-03-25T13:29:32","modified_gmt":"2025-03-25T12:29:32","slug":"aquaspirit-s370gt-aluminium-rib","status":"publish","type":"product","link":"https:\/\/rebecca-yachting.de\/de\/produkt\/aquaspirit-s370gt-aluminium-rib\/","title":{"rendered":"AquaSpirit S370GT Aluminium-RIB"},"content":{"rendered":"<div id=\"bgLayers_comp-lc0m9grp\" class=\"MW5IWV\" data-hook=\"bgLayers\" data-motion-part=\"BG_LAYER comp-lc0m9grp\">\n<div id=\"bgMedia_comp-lc0m9grp\" class=\"VgO9Yg\" data-motion-part=\"BG_MEDIA comp-lc0m9grp\">\n<p class=\"\" data-start=\"218\" data-end=\"272\"><strong>Aquaspirit S370GT &#8222;Genius Tender&#8220; &#8211; Kompakte Innovation, maximaler Komfort<\/strong><\/p>\n<\/div>\n<\/div>\n<div class=\"\" data-mesh-id=\"comp-lc0m9grpinlineContent\" data-testid=\"inline-content\">\n<div data-mesh-id=\"comp-lc0m9grpinlineContent-gridContainer\" data-testid=\"mesh-container-content\">\n<p class=\"\" data-start=\"262\" data-end=\"425\">Wir sind stolz darauf, den brandneuen <strong data-start=\"300\" data-end=\"337\">Aquaspirit S370GT &#8222;Genius Tender&#8220;<\/strong> vorzustellen &#8211; eine echte Weltneuheit, die auf der <strong data-start=\"398\" data-end=\"422\">Boot D\u00fcsseldorf 2025<\/strong> ihre Weltpremiere feierte.<\/p>\n<p class=\"\" data-start=\"427\" data-end=\"622\">Basierend auf der bew\u00e4hrten Konstruktionsphilosophie der Aquaspirit S585 und S700, \u00fcbertr\u00e4gt die S370GT die einzigartigen Vorteile dieser gr\u00f6\u00dferen Aluminium-RIBs in ein kompakteres Format &#8211; ohne Kompromisse.<\/p>\n<p class=\"\" data-start=\"624\" data-end=\"959\">Dank seiner <strong data-start=\"638\" data-end=\"656\">D-f\u00f6rmigen Rohre<\/strong>, die anstelle von Klebeverbindungen in sicheren Schienen montiert sind, und eines <strong data-start=\"712\" data-end=\"748\">vollst\u00e4ndig mit Schaumstoff gef\u00fcllten Aluminiumrumpfes<\/strong> bietet das S370GT au\u00dfergew\u00f6hnliche <strong data-start=\"780\" data-end=\"827\">Robustheit, Stabilit\u00e4t und Raumeffizienz<\/strong> bei bemerkenswert geringem Gewicht. In Kombination mit seiner <strong data-start=\"874\" data-end=\"916\">korrosionsbest\u00e4ndigen, pulverbeschichteten Struktur<\/strong> ist es f\u00fcr Leistung und Langlebigkeit gebaut.<\/p>\n<h3 class=\"\" data-start=\"961\" data-end=\"1004\"><strong data-start=\"965\" data-end=\"1004\">Ein neuer Benchmark in der Tenderklasse<\/strong><\/h3>\n<p class=\"\" data-start=\"1005\" data-end=\"1208\">Die S370GT kombiniert die kompakten Au\u00dfenma\u00dfe eines 3,50 m langen Beibootes mit einer Cockpitbreite, die bis zu <strong data-start=\"1107\" data-end=\"1143\">20 cm breiter<\/strong> ist <strong data-start=\"1107\" data-end=\"1143\">als bei der gr\u00f6\u00dferen S450<\/strong> &#8211; und bietet so ger\u00e4umige, luxuri\u00f6se Sitzpl\u00e4tze f\u00fcr <strong data-start=\"1187\" data-end=\"1205\">bis zu 4 Personen<\/strong>.<\/p>\n<p class=\"\" data-start=\"1210\" data-end=\"1522\">Es ist so stabil und leistungsf\u00e4hig, dass es eine <strong data-start=\"1255\" data-end=\"1286\">CE-Zertifizierung der Kategorie C<\/strong> f\u00fcr <strong data-start=\"1291\" data-end=\"1314\">Motoren bis zu 60 PS<\/strong> besitzt &#8211; ein Novum in dieser Klasse. Um diese Leistung mit Spa\u00df zu verbinden, ist die S370GT <strong data-start=\"1390\" data-end=\"1442\">serienm\u00e4\u00dfig mit einer zentralen, abnehmbaren Wasserskistange<\/strong> ausgestattet, die durch <strong data-start=\"1460\" data-end=\"1483\">seitliche Badeplattformen<\/strong> und eine integrierte <strong data-start=\"1502\" data-end=\"1521\">Einstiegsleiter<\/strong> erg\u00e4nzt wird.<\/p>\n<p class=\"\" data-start=\"1524\" data-end=\"1713\">Navigationslichter und eine Windschutzscheiben-Konsole mit <strong data-start=\"1572\" data-end=\"1595\">Klappmechanismus<\/strong> (ideal f\u00fcr Yachtgaragen) geh\u00f6ren ebenso zur Standardausstattung wie mehrere <strong data-start=\"1652\" data-end=\"1668\">Haltegriffe<\/strong> an Bug und Heck f\u00fcr eine sichere Bewegung an Bord.<\/p>\n<h3 class=\"\" data-start=\"1715\" data-end=\"1757\"><strong data-start=\"1719\" data-end=\"1757\">Intelligente Aufbewahrung &amp; praktische Funktionen<\/strong><\/h3>\n<ul data-start=\"1758\" data-end=\"2211\">\n<li class=\"\" data-start=\"1758\" data-end=\"1801\">\n<p class=\"\" data-start=\"1760\" data-end=\"1801\"><strong data-start=\"1760\" data-end=\"1786\">120 cm breite R\u00fcckbank<\/strong> mit Stauraum<\/p>\n<\/li>\n<li class=\"\" data-start=\"1802\" data-end=\"1863\">\n<p class=\"\" data-start=\"1804\" data-end=\"1863\"><strong data-start=\"1804\" data-end=\"1842\">Integrierter 40L Aluminiumtank<\/strong> unter dem Bugsitz<\/p>\n<\/li>\n<li class=\"\" data-start=\"1864\" data-end=\"1902\">\n<p class=\"\" data-start=\"1866\" data-end=\"1902\"><strong data-start=\"1866\" data-end=\"1900\">Unterflur-Staufach<\/strong><\/p>\n<\/li>\n<li class=\"\" data-start=\"1903\" data-end=\"1949\">\n<p class=\"\" data-start=\"1905\" data-end=\"1949\"><strong data-start=\"1905\" data-end=\"1928\">Stabile Bugplattform<\/strong> mit geschwei\u00dften Klampen<\/p>\n<\/li>\n<li class=\"\" data-start=\"1950\" data-end=\"1990\">\n<p class=\"\" data-start=\"1952\" data-end=\"1990\"><strong data-start=\"1952\" data-end=\"1988\">Mehrere Schlepp- und Hebe\u00f6sen<\/strong><\/p>\n<\/li>\n<li class=\"\" data-start=\"1991\" data-end=\"2057\">\n<p class=\"\" data-start=\"1993\" data-end=\"2057\"><strong data-start=\"1993\" data-end=\"2037\">Erh\u00e4ltlich mit PVC- oder ORCA-Hypalon-Schl\u00e4uchen<\/strong> in verschiedenen Farben<\/p>\n<\/li>\n<li class=\"\" data-start=\"2058\" data-end=\"2119\">\n<p class=\"\" data-start=\"2060\" data-end=\"2119\"><strong data-start=\"2060\" data-end=\"2087\">Hochwertige Polsterm\u00f6bel<\/strong> von Spradling (z.B. Silvertex)<\/p>\n<\/li>\n<li class=\"\" data-start=\"2120\" data-end=\"2153\">\n<p class=\"\" data-start=\"2122\" data-end=\"2153\"><strong data-start=\"2122\" data-end=\"2141\">Vollst\u00e4ndige Bootsabdeckung<\/strong> verf\u00fcgbar<\/p>\n<\/li>\n<li class=\"\" data-start=\"2154\" data-end=\"2211\">\n<p class=\"\" data-start=\"2156\" data-end=\"2211\"><strong data-start=\"2156\" data-end=\"2211\">Rutschfester Boden standardm\u00e4\u00dfig, EVA-Schaumstoffbelag optional<\/strong><\/p>\n<\/li>\n<\/ul>\n<p class=\"\" data-start=\"2213\" data-end=\"2265\">Eine <strong data-start=\"2215\" data-end=\"2236\">Version mit Jet-Antrieb<\/strong> befindet sich derzeit in der Entwicklung.<\/p>\n<div id=\"comp-lbfkiaxi\" class=\"HcOXKn c9GqVL QxJLC3 lq2cno YQcXTT comp-lbfkiaxi wixui-rich-text\" data-testid=\"richTextElement\">\n<p class=\"\" data-start=\"1775\" data-end=\"1887\">\n<\/div>\n<div id=\"comp-lbfkiaxi\" class=\"HcOXKn c9GqVL QxJLC3 lq2cno YQcXTT comp-lbfkiaxi wixui-rich-text\" data-testid=\"richTextElement\">\n<table style=\"border-collapse: collapse; width: 100%;\" border=\"1\" cellspacing=\"0\" cellpadding=\"8\">\n<thead>\n<tr>\n<th style=\"text-align: left;\" colspan=\"2\">AquaSpirit S370GT &#8211; Technische Daten<\/th>\n<\/tr>\n<\/thead>\n<thead>\n<tr>\n<th style=\"text-align: left;\" colspan=\"2\">Technische Daten &#8211; Aquaspirit S370GT<\/th>\n<\/tr>\n<\/thead>\n<tbody>\n<tr>\n<td>Rumpfl\u00e4nge \/ Gesamtl\u00e4nge inkl. Badeplattform<\/td>\n<td>3.49 m \/ 3.66 m<\/td>\n<\/tr>\n<tr>\n<td>Balken<\/td>\n<td>1.83 m<\/td>\n<\/tr>\n<tr>\n<td>Cockpitbreite (hinten)<\/td>\n<td>1.20 m<\/td>\n<\/tr>\n<tr>\n<td>Cockpitbreite (vorne)<\/td>\n<td>1.025 m<\/td>\n<\/tr>\n<tr>\n<td>Gesamtl\u00e4nge des Cockpits<\/td>\n<td>2.13 m<\/td>\n<\/tr>\n<tr>\n<td>Tiefgang (ca.)<\/td>\n<td>0.3 m<\/td>\n<\/tr>\n<tr>\n<td>Gewicht ohne Motor (ca.)<\/td>\n<td>270 kg<\/td>\n<\/tr>\n<tr>\n<td>Maximale Nutzlast<\/td>\n<td>430 kg<\/td>\n<\/tr>\n<tr>\n<td>Max. Anzahl von Erwachsenen<\/td>\n<td>4<\/td>\n<\/tr>\n<tr>\n<td>Maximales Gewicht des Motors<\/td>\n<td>115 kg<\/td>\n<\/tr>\n<tr>\n<td>Maximale Motorleistung<\/td>\n<td>44 kW \/ 60 PS<\/td>\n<\/tr>\n<tr>\n<td>L\u00e4nge des Schafts<\/td>\n<td>508 mm \/ Lang<\/td>\n<\/tr>\n<tr>\n<td>Kraftstofftank (Aluminium, fest mit Anzeige)<\/td>\n<td>40 L<\/td>\n<\/tr>\n<tr>\n<td>Rumpfmaterial (Aluminium)<\/td>\n<td>EN AW 5083 H111<\/td>\n<\/tr>\n<tr>\n<td>CE-Kategorie<\/td>\n<td>C<\/td>\n<\/tr>\n<\/tbody>\n<\/table>\n<\/div>\n<\/div>\n<\/div>\n","protected":false},"excerpt":{"rendered":"<p>Kompakte Innovation, maximaler Komfort &#8211; Aquaspirit S370GT &#8222;Genius Tender&#8220;<\/p>\n","protected":false},"featured_media":3480,"comment_status":"closed","ping_status":"closed","template":"","meta":{"site-sidebar-layout":"default","site-content-layout":"","ast-site-content-layout":"default","site-content-style":"default","site-sidebar-style":"default","ast-global-header-display":"","ast-banner-title-visibility":"","ast-main-header-display":"","ast-hfb-above-header-display":"","ast-hfb-below-header-display":"","ast-hfb-mobile-header-display":"","site-post-title":"","ast-breadcrumbs-content":"","ast-featured-img":"","footer-sml-layout":"","theme-transparent-header-meta":"default","adv-header-id-meta":"","stick-header-meta":"","header-above-stick-meta":"","header-main-stick-meta":"","header-below-stick-meta":"","astra-migrate-meta-layouts":"set","ast-page-background-enabled":"default","ast-page-background-meta":{"desktop":{"background-color":"var(--ast-global-color-4)","background-image":"","background-repeat":"repeat","background-position":"center center","background-size":"auto","background-attachment":"scroll","background-type":"","background-media":"","overlay-type":"","overlay-color":"","overlay-opacity":"","overlay-gradient":""},"tablet":{"background-color":"","background-image":"","background-repeat":"repeat","background-position":"center center","background-size":"auto","background-attachment":"scroll","background-type":"","background-media":"","overlay-type":"","overlay-color":"","overlay-opacity":"","overlay-gradient":""},"mobile":{"background-color":"","background-image":"","background-repeat":"repeat","background-position":"center center","background-size":"auto","background-attachment":"scroll","background-type":"","background-media":"","overlay-type":"","overlay-color":"","overlay-opacity":"","overlay-gradient":""}},"ast-content-background-meta":{"desktop":{"background-color":"var(--ast-global-color-5)","background-image":"","background-repeat":"repeat","background-position":"center center","background-size":"auto","background-attachment":"scroll","background-type":"","background-media":"","overlay-type":"","overlay-color":"","overlay-opacity":"","overlay-gradient":""},"tablet":{"background-color":"var(--ast-global-color-5)","background-image":"","background-repeat":"repeat","background-position":"center center","background-size":"auto","background-attachment":"scroll","background-type":"","background-media":"","overlay-type":"","overlay-color":"","overlay-opacity":"","overlay-gradient":""},"mobile":{"background-color":"var(--ast-global-color-5)","background-image":"","background-repeat":"repeat","background-position":"center center","background-size":"auto","background-attachment":"scroll","background-type":"","background-media":"","overlay-type":"","overlay-color":"","overlay-opacity":"","overlay-gradient":""}}},"product_brand":[],"product_cat":[65,63],"product_tag":[],"class_list":{"0":"post-3380","1":"product","2":"type-product","3":"status-publish","4":"has-post-thumbnail","6":"product_cat-aluminium-ribs-de","7":"product_cat-boote","8":"desktop-align-left","9":"tablet-align-left","10":"mobile-align-left","12":"first","13":"instock","14":"taxable","15":"shipping-taxable","16":"product-type-simple"},"yoast_head":"<!-- This site is optimized with the Yoast SEO plugin v25.6 - https:\/\/yoast.com\/wordpress\/plugins\/seo\/ -->\n<title>Aquaspirit S370GT &quot;Genius Tender&quot; - Aluminium RIB | Rebecca Yachting<\/title>\n<meta name=\"description\" content=\"Aquaspirit S370GT &quot;Genius Tender&quot; - Kompakte Innovation, maximaler Komfort | Aluminium RIB Boot neu in 2025 - bestellen Sie bei Rebecca Yachting, Mallorca!\" \/>\n<meta name=\"robots\" content=\"index, follow, max-snippet:-1, max-image-preview:large, max-video-preview:-1\" \/>\n<link rel=\"canonical\" href=\"https:\/\/rebecca-yachting.de\/de\/produkt\/aquaspirit-s370gt-aluminium-rib\/\" \/>\n<meta property=\"og:locale\" content=\"de_DE\" \/>\n<meta property=\"og:type\" content=\"article\" \/>\n<meta property=\"og:title\" content=\"Aquaspirit S370GT &quot;Genius Tender&quot; - Aluminium RIB | Rebecca Yachting\" \/>\n<meta property=\"og:description\" content=\"Aquaspirit S370GT &quot;Genius Tender&quot; - Kompakte Innovation, maximaler Komfort | Aluminium RIB Boot neu in 2025 - bestellen Sie bei Rebecca Yachting, Mallorca!\" \/>\n<meta property=\"og:url\" content=\"https:\/\/rebecca-yachting.de\/de\/produkt\/aquaspirit-s370gt-aluminium-rib\/\" \/>\n<meta property=\"og:site_name\" content=\"Rebecca Yachting\" \/>\n<meta property=\"article:modified_time\" content=\"2025-03-25T12:29:32+00:00\" \/>\n<meta property=\"og:image\" content=\"http:\/\/rebecca-yachting.de\/wp-content\/uploads\/2025\/03\/Rebecca-Yachting-rib-1-1.png\" \/>\n\t<meta property=\"og:image:width\" content=\"2560\" \/>\n\t<meta property=\"og:image:height\" content=\"1440\" \/>\n\t<meta property=\"og:image:type\" content=\"image\/png\" \/>\n<meta name=\"twitter:card\" content=\"summary_large_image\" \/>\n<meta name=\"twitter:label1\" content=\"Gesch\u00e4tzte Lesezeit\" \/>\n\t<meta name=\"twitter:data1\" content=\"3\u00a0Minuten\" \/>\n<script type=\"application\/ld+json\" class=\"yoast-schema-graph\">{\"@context\":\"https:\/\/schema.org\",\"@graph\":[{\"@type\":\"WebPage\",\"@id\":\"https:\/\/rebecca-yachting.de\/de\/produkt\/aquaspirit-s370gt-aluminium-rib\/\",\"url\":\"https:\/\/rebecca-yachting.de\/de\/produkt\/aquaspirit-s370gt-aluminium-rib\/\",\"name\":\"Aquaspirit S370GT \\\"Genius Tender\\\" - Aluminium RIB | Rebecca Yachting\",\"isPartOf\":{\"@id\":\"https:\/\/rebecca-yachting.de\/de\/#website\"},\"primaryImageOfPage\":{\"@id\":\"https:\/\/rebecca-yachting.de\/de\/produkt\/aquaspirit-s370gt-aluminium-rib\/#primaryimage\"},\"image\":{\"@id\":\"https:\/\/rebecca-yachting.de\/de\/produkt\/aquaspirit-s370gt-aluminium-rib\/#primaryimage\"},\"thumbnailUrl\":\"https:\/\/rebecca-yachting.de\/wp-content\/uploads\/2025\/03\/IMG-20250314-WA0005.jpg\",\"datePublished\":\"2025-03-25T07:48:39+00:00\",\"dateModified\":\"2025-03-25T12:29:32+00:00\",\"description\":\"Aquaspirit S370GT \\\"Genius Tender\\\" - Kompakte Innovation, maximaler Komfort | Aluminium RIB Boot neu in 2025 - bestellen Sie bei Rebecca Yachting, Mallorca!\",\"breadcrumb\":{\"@id\":\"https:\/\/rebecca-yachting.de\/de\/produkt\/aquaspirit-s370gt-aluminium-rib\/#breadcrumb\"},\"inLanguage\":\"de\",\"potentialAction\":[{\"@type\":\"ReadAction\",\"target\":[\"https:\/\/rebecca-yachting.de\/de\/produkt\/aquaspirit-s370gt-aluminium-rib\/\"]}]},{\"@type\":\"ImageObject\",\"inLanguage\":\"de\",\"@id\":\"https:\/\/rebecca-yachting.de\/de\/produkt\/aquaspirit-s370gt-aluminium-rib\/#primaryimage\",\"url\":\"https:\/\/rebecca-yachting.de\/wp-content\/uploads\/2025\/03\/IMG-20250314-WA0005.jpg\",\"contentUrl\":\"https:\/\/rebecca-yachting.de\/wp-content\/uploads\/2025\/03\/IMG-20250314-WA0005.jpg\",\"width\":860,\"height\":523},{\"@type\":\"BreadcrumbList\",\"@id\":\"https:\/\/rebecca-yachting.de\/de\/produkt\/aquaspirit-s370gt-aluminium-rib\/#breadcrumb\",\"itemListElement\":[{\"@type\":\"ListItem\",\"position\":1,\"name\":\"Startseite\",\"item\":\"https:\/\/rebecca-yachting.de\/de\/\"},{\"@type\":\"ListItem\",\"position\":2,\"name\":\"Shop\",\"item\":\"https:\/\/rebecca-yachting.de\/de\/shop\/\"},{\"@type\":\"ListItem\",\"position\":3,\"name\":\"AquaSpirit S370GT Aluminium-RIB\"}]},{\"@type\":\"WebSite\",\"@id\":\"https:\/\/rebecca-yachting.de\/de\/#website\",\"url\":\"https:\/\/rebecca-yachting.de\/de\/\",\"name\":\"Rebecca Yachting\",\"description\":\"Your Nautic Expert\",\"publisher\":{\"@id\":\"https:\/\/rebecca-yachting.de\/de\/#organization\"},\"potentialAction\":[{\"@type\":\"SearchAction\",\"target\":{\"@type\":\"EntryPoint\",\"urlTemplate\":\"https:\/\/rebecca-yachting.de\/de\/?s={search_term_string}\"},\"query-input\":{\"@type\":\"PropertyValueSpecification\",\"valueRequired\":true,\"valueName\":\"search_term_string\"}}],\"inLanguage\":\"de\"},{\"@type\":\"Organization\",\"@id\":\"https:\/\/rebecca-yachting.de\/de\/#organization\",\"name\":\"Rebecca Yachting\",\"url\":\"https:\/\/rebecca-yachting.de\/de\/\",\"logo\":{\"@type\":\"ImageObject\",\"inLanguage\":\"de\",\"@id\":\"https:\/\/rebecca-yachting.de\/de\/#\/schema\/logo\/image\/\",\"url\":\"http:\/\/rebecca-yachting.de\/wp-content\/uploads\/2023\/07\/rebecca-yachting.png\",\"contentUrl\":\"http:\/\/rebecca-yachting.de\/wp-content\/uploads\/2023\/07\/rebecca-yachting.png\",\"width\":158,\"height\":100,\"caption\":\"Rebecca Yachting\"},\"image\":{\"@id\":\"https:\/\/rebecca-yachting.de\/de\/#\/schema\/logo\/image\/\"}}]}<\/script>\n<!-- \/ Yoast SEO plugin. -->","yoast_head_json":{"title":"Aquaspirit S370GT \"Genius Tender\" - Aluminium RIB | Rebecca Yachting","description":"Aquaspirit S370GT \"Genius Tender\" - Kompakte Innovation, maximaler Komfort | Aluminium RIB Boot neu in 2025 - bestellen Sie bei Rebecca Yachting, Mallorca!","robots":{"index":"index","follow":"follow","max-snippet":"max-snippet:-1","max-image-preview":"max-image-preview:large","max-video-preview":"max-video-preview:-1"},"canonical":"https:\/\/rebecca-yachting.de\/de\/produkt\/aquaspirit-s370gt-aluminium-rib\/","og_locale":"de_DE","og_type":"article","og_title":"Aquaspirit S370GT \"Genius Tender\" - Aluminium RIB | Rebecca Yachting","og_description":"Aquaspirit S370GT \"Genius Tender\" - Kompakte Innovation, maximaler Komfort | Aluminium RIB Boot neu in 2025 - bestellen Sie bei Rebecca Yachting, Mallorca!","og_url":"https:\/\/rebecca-yachting.de\/de\/produkt\/aquaspirit-s370gt-aluminium-rib\/","og_site_name":"Rebecca Yachting","article_modified_time":"2025-03-25T12:29:32+00:00","og_image":[{"width":2560,"height":1440,"url":"http:\/\/rebecca-yachting.de\/wp-content\/uploads\/2025\/03\/Rebecca-Yachting-rib-1-1.png","type":"image\/png"}],"twitter_card":"summary_large_image","twitter_misc":{"Gesch\u00e4tzte Lesezeit":"3\u00a0Minuten"},"schema":{"@context":"https:\/\/schema.org","@graph":[{"@type":"WebPage","@id":"https:\/\/rebecca-yachting.de\/de\/produkt\/aquaspirit-s370gt-aluminium-rib\/","url":"https:\/\/rebecca-yachting.de\/de\/produkt\/aquaspirit-s370gt-aluminium-rib\/","name":"Aquaspirit S370GT \"Genius Tender\" - Aluminium RIB | Rebecca Yachting","isPartOf":{"@id":"https:\/\/rebecca-yachting.de\/de\/#website"},"primaryImageOfPage":{"@id":"https:\/\/rebecca-yachting.de\/de\/produkt\/aquaspirit-s370gt-aluminium-rib\/#primaryimage"},"image":{"@id":"https:\/\/rebecca-yachting.de\/de\/produkt\/aquaspirit-s370gt-aluminium-rib\/#primaryimage"},"thumbnailUrl":"https:\/\/rebecca-yachting.de\/wp-content\/uploads\/2025\/03\/IMG-20250314-WA0005.jpg","datePublished":"2025-03-25T07:48:39+00:00","dateModified":"2025-03-25T12:29:32+00:00","description":"Aquaspirit S370GT \"Genius Tender\" - Kompakte Innovation, maximaler Komfort | Aluminium RIB Boot neu in 2025 - bestellen Sie bei Rebecca Yachting, Mallorca!","breadcrumb":{"@id":"https:\/\/rebecca-yachting.de\/de\/produkt\/aquaspirit-s370gt-aluminium-rib\/#breadcrumb"},"inLanguage":"de","potentialAction":[{"@type":"ReadAction","target":["https:\/\/rebecca-yachting.de\/de\/produkt\/aquaspirit-s370gt-aluminium-rib\/"]}]},{"@type":"ImageObject","inLanguage":"de","@id":"https:\/\/rebecca-yachting.de\/de\/produkt\/aquaspirit-s370gt-aluminium-rib\/#primaryimage","url":"https:\/\/rebecca-yachting.de\/wp-content\/uploads\/2025\/03\/IMG-20250314-WA0005.jpg","contentUrl":"https:\/\/rebecca-yachting.de\/wp-content\/uploads\/2025\/03\/IMG-20250314-WA0005.jpg","width":860,"height":523},{"@type":"BreadcrumbList","@id":"https:\/\/rebecca-yachting.de\/de\/produkt\/aquaspirit-s370gt-aluminium-rib\/#breadcrumb","itemListElement":[{"@type":"ListItem","position":1,"name":"Startseite","item":"https:\/\/rebecca-yachting.de\/de\/"},{"@type":"ListItem","position":2,"name":"Shop","item":"https:\/\/rebecca-yachting.de\/de\/shop\/"},{"@type":"ListItem","position":3,"name":"AquaSpirit S370GT Aluminium-RIB"}]},{"@type":"WebSite","@id":"https:\/\/rebecca-yachting.de\/de\/#website","url":"https:\/\/rebecca-yachting.de\/de\/","name":"Rebecca Yachting","description":"Your Nautic Expert","publisher":{"@id":"https:\/\/rebecca-yachting.de\/de\/#organization"},"potentialAction":[{"@type":"SearchAction","target":{"@type":"EntryPoint","urlTemplate":"https:\/\/rebecca-yachting.de\/de\/?s={search_term_string}"},"query-input":{"@type":"PropertyValueSpecification","valueRequired":true,"valueName":"search_term_string"}}],"inLanguage":"de"},{"@type":"Organization","@id":"https:\/\/rebecca-yachting.de\/de\/#organization","name":"Rebecca Yachting","url":"https:\/\/rebecca-yachting.de\/de\/","logo":{"@type":"ImageObject","inLanguage":"de","@id":"https:\/\/rebecca-yachting.de\/de\/#\/schema\/logo\/image\/","url":"http:\/\/rebecca-yachting.de\/wp-content\/uploads\/2023\/07\/rebecca-yachting.png","contentUrl":"http:\/\/rebecca-yachting.de\/wp-content\/uploads\/2023\/07\/rebecca-yachting.png","width":158,"height":100,"caption":"Rebecca Yachting"},"image":{"@id":"https:\/\/rebecca-yachting.de\/de\/#\/schema\/logo\/image\/"}}]}},"jetpack_sharing_enabled":true,"_links":{"self":[{"href":"https:\/\/rebecca-yachting.de\/de\/wp-json\/wp\/v2\/product\/3380","targetHints":{"allow":["GET"]}}],"collection":[{"href":"https:\/\/rebecca-yachting.de\/de\/wp-json\/wp\/v2\/product"}],"about":[{"href":"https:\/\/rebecca-yachting.de\/de\/wp-json\/wp\/v2\/types\/product"}],"replies":[{"embeddable":true,"href":"https:\/\/rebecca-yachting.de\/de\/wp-json\/wp\/v2\/comments?post=3380"}],"wp:featuredmedia":[{"embeddable":true,"href":"https:\/\/rebecca-yachting.de\/de\/wp-json\/wp\/v2\/media\/3480"}],"wp:attachment":[{"href":"https:\/\/rebecca-yachting.de\/de\/wp-json\/wp\/v2\/media?parent=3380"}],"wp:term":[{"taxonomy":"product_brand","embeddable":true,"href":"https:\/\/rebecca-yachting.de\/de\/wp-json\/wp\/v2\/product_brand?post=3380"},{"taxonomy":"product_cat","embeddable":true,"href":"https:\/\/rebecca-yachting.de\/de\/wp-json\/wp\/v2\/product_cat?post=3380"},{"taxonomy":"product_tag","embeddable":true,"href":"https:\/\/rebecca-yachting.de\/de\/wp-json\/wp\/v2\/product_tag?post=3380"}],"curies":[{"name":"wp","href":"https:\/\/api.w.org\/{rel}","templated":true}]}}